{"id":1066,"date":"2025-04-18T02:15:40","date_gmt":"2025-04-18T00:15:40","guid":{"rendered":"https:\/\/www.regionalis.shop\/glassartstadler\/product\/glasschale-crackle\/"},"modified":"2025-04-18T02:15:40","modified_gmt":"2025-04-18T00:15:40","slug":"glasschale-crackle","status":"publish","type":"product","link":"https:\/\/www.regionalis.shop\/glassartstadler\/shop\/glasschale-crackle\/","title":{"rendered":"Glasschale Crackle"},"content":{"rendered":"<p>Diese Schale ist ein handgefertigtes Einzelst\u00fcck.<br \/>\nDas Muster wurde aus verschiedenen Glaspulvern in mehreren Brennvorg\u00e4ngen erstellt und auf eine Tr\u00e4gerplatte aufgebracht. Ein  weiterer Brennvorgang f\u00fchrte dann zur endg\u00fcltigen Form.  Jeder dieser Brennvorg\u00e4nge dauert etwa 9 &#8211; 12 Stunden.<\/p>\n<p>Die Schale hat einen Durchmesser von ca. 20 cm<br \/>\nDie H\u00f6he ist ca. 9 cm<br \/>\nGlasdicke : ca. 6 mm<\/p>\n<p>Diese Schale eignet sich ideal als Geschenk.<br \/>\nSie kann als Obstschale, Brotkorb oder einfach nur als Blickfang verwendet werden.<\/p>\n","protected":false},"excerpt":{"rendered":"<p>Diese Schale ist ein handgefertigtes Einzelst\u00fcck. Das Muster wurde aus verschiedenen Glaspulvern in mehreren Brennvorg\u00e4ngen erstellt und auf eine Tr\u00e4gerplatte aufgebracht. Ein weiterer Brennvorgang f\u00fchrte dann zur endg\u00fcltigen Form. Jeder dieser Brennvorg\u00e4nge dauert etwa 9 &#8211; 12 Stunden. Die Schale hat einen Durchmesser von ca. 20 cm Die H\u00f6he ist ca. 9 cm Glasdicke : &hellip; <a href=\"https:\/\/www.regionalis.shop\/glassartstadler\/shop\/glasschale-crackle\/\">Continued<\/a><\/p>\n","protected":false},"featured_media":1067,"template":"","meta":{"_acf_changed":false},"product_brand":[],"product_cat":[174,103],"product_tag":[],"class_list":{"0":"post-1066","1":"product","2":"type-product","3":"status-publish","4":"has-post-thumbnail","6":"product_cat-wohndekoration","7":"product_cat-wohnen-deko","9":"first","10":"instock","11":"purchasable","12":"product-type-simple"},"acf":[],"_links":{"self":[{"href":"https:\/\/www.regionalis.shop\/glassartstadler\/wp-json\/wp\/v2\/product\/1066","targetHints":{"allow":["GET"]}}],"collection":[{"href":"https:\/\/www.regionalis.shop\/glassartstadler\/wp-json\/wp\/v2\/product"}],"about":[{"href":"https:\/\/www.regionalis.shop\/glassartstadler\/wp-json\/wp\/v2\/types\/product"}],"wp:featuredmedia":[{"embeddable":true,"href":"https:\/\/www.regionalis.shop\/glassartstadler\/wp-json\/wp\/v2\/media\/1067"}],"wp:attachment":[{"href":"https:\/\/www.regionalis.shop\/glassartstadler\/wp-json\/wp\/v2\/media?parent=1066"}],"wp:term":[{"taxonomy":"product_brand","embeddable":true,"href":"https:\/\/www.regionalis.shop\/glassartstadler\/wp-json\/wp\/v2\/product_brand?post=1066"},{"taxonomy":"product_cat","embeddable":true,"href":"https:\/\/www.regionalis.shop\/glassartstadler\/wp-json\/wp\/v2\/product_cat?post=1066"},{"taxonomy":"product_tag","embeddable":true,"href":"https:\/\/www.regionalis.shop\/glassartstadler\/wp-json\/wp\/v2\/product_tag?post=1066"}],"curies":[{"name":"wp","href":"https:\/\/api.w.org\/{rel}","templated":true}]}}