{"id":1078,"date":"2025-04-18T01:44:16","date_gmt":"2025-04-17T23:44:16","guid":{"rendered":"https:\/\/www.regionalis.shop\/glassartstadler\/product\/vase-glas-2\/"},"modified":"2025-04-18T01:44:16","modified_gmt":"2025-04-17T23:44:16","slug":"vase-glas-2","status":"publish","type":"product","link":"https:\/\/www.regionalis.shop\/glassartstadler\/shop\/vase-glas-2\/","title":{"rendered":"Vase Glas"},"content":{"rendered":"<p>Diese extravagante Vase ist ein handgefertigtes Einzelst\u00fcck aus Glas.<br \/>\nGestreift durch \u00dcberlagerung von Streifen aus Glas &#8211;  verschmolzenes  transparentes t\u00fcrkis-blau mit wei\u00df.<br \/>\nGreift sich angenehm an durch wellenf\u00f6rmig verlaufende Glasdicke (3 &#8211; 6 mm).<br \/>\nH\u00f6he und max. Breite sind je ca. 18 cm.<br \/>\nDiese Vase eignet sich ideal als Geschenk.<br \/>\nDurch die au\u00dfergew\u00f6hnliche Form und Farbgebung ist sie ein Blickfang in jedem Wohnzimmer.<\/p>\n","protected":false},"excerpt":{"rendered":"<p>Diese extravagante Vase ist ein handgefertigtes Einzelst\u00fcck aus Glas. Gestreift durch \u00dcberlagerung von Streifen aus Glas &#8211; verschmolzenes transparentes t\u00fcrkis-blau mit wei\u00df. Greift sich angenehm an durch wellenf\u00f6rmig verlaufende Glasdicke (3 &#8211; 6 mm). H\u00f6he und max. Breite sind je ca. 18 cm. Diese Vase eignet sich ideal als Geschenk. Durch die au\u00dfergew\u00f6hnliche Form und &hellip; <a href=\"https:\/\/www.regionalis.shop\/glassartstadler\/shop\/vase-glas-2\/\">Continued<\/a><\/p>\n","protected":false},"featured_media":1079,"template":"","meta":{"_acf_changed":false},"product_brand":[],"product_cat":[174,103],"product_tag":[],"class_list":{"0":"post-1078","1":"product","2":"type-product","3":"status-publish","4":"has-post-thumbnail","6":"product_cat-wohndekoration","7":"product_cat-wohnen-deko","9":"first","10":"instock","11":"purchasable","12":"product-type-simple"},"acf":[],"_links":{"self":[{"href":"https:\/\/www.regionalis.shop\/glassartstadler\/wp-json\/wp\/v2\/product\/1078","targetHints":{"allow":["GET"]}}],"collection":[{"href":"https:\/\/www.regionalis.shop\/glassartstadler\/wp-json\/wp\/v2\/product"}],"about":[{"href":"https:\/\/www.regionalis.shop\/glassartstadler\/wp-json\/wp\/v2\/types\/product"}],"wp:featuredmedia":[{"embeddable":true,"href":"https:\/\/www.regionalis.shop\/glassartstadler\/wp-json\/wp\/v2\/media\/1079"}],"wp:attachment":[{"href":"https:\/\/www.regionalis.shop\/glassartstadler\/wp-json\/wp\/v2\/media?parent=1078"}],"wp:term":[{"taxonomy":"product_brand","embeddable":true,"href":"https:\/\/www.regionalis.shop\/glassartstadler\/wp-json\/wp\/v2\/product_brand?post=1078"},{"taxonomy":"product_cat","embeddable":true,"href":"https:\/\/www.regionalis.shop\/glassartstadler\/wp-json\/wp\/v2\/product_cat?post=1078"},{"taxonomy":"product_tag","embeddable":true,"href":"https:\/\/www.regionalis.shop\/glassartstadler\/wp-json\/wp\/v2\/product_tag?post=1078"}],"curies":[{"name":"wp","href":"https:\/\/api.w.org\/{rel}","templated":true}]}}