{"id":1083,"date":"2025-04-18T01:20:34","date_gmt":"2025-04-17T23:20:34","guid":{"rendered":"https:\/\/www.regionalis.shop\/glassartstadler\/product\/glasschale-mondrian\/"},"modified":"2025-04-18T01:20:34","modified_gmt":"2025-04-17T23:20:34","slug":"glasschale-mondrian","status":"publish","type":"product","link":"https:\/\/www.regionalis.shop\/glassartstadler\/shop\/glasschale-mondrian\/","title":{"rendered":"Glasschale Mondrian"},"content":{"rendered":"<p>Diese Schale ist ein handgefertigtes Einzelst\u00fcck.<br \/>\nIm ersten Arbeitsgang werden die Glasteile zugeschnitten und entsprechend angeordnet. Bis zur endg\u00fcltigen Formgebung sind drei Brennvorg\u00e4nge n\u00f6tig.<\/p>\n<p>Die Schale hat ca. 30 cm Durchmesser<br \/>\nDie H\u00f6he ist ca. 4 cm<br \/>\nGlasdicke : 6 mm<br \/>\nGewicht: 1,2 kg<\/p>\n<p>Diese Schale eignet sich ideal als Geschenk.<br \/>\nSie ist ein echter Blickfang und kann als Obstschale oder einfach nur zur Raumdekoration verwendet werden.<\/p>\n","protected":false},"excerpt":{"rendered":"<p>Diese Schale ist ein handgefertigtes Einzelst\u00fcck. Im ersten Arbeitsgang werden die Glasteile zugeschnitten und entsprechend angeordnet. Bis zur endg\u00fcltigen Formgebung sind drei Brennvorg\u00e4nge n\u00f6tig. Die Schale hat ca. 30 cm Durchmesser Die H\u00f6he ist ca. 4 cm Glasdicke : 6 mm Gewicht: 1,2 kg Diese Schale eignet sich ideal als Geschenk. Sie ist ein echter &hellip; <a href=\"https:\/\/www.regionalis.shop\/glassartstadler\/shop\/glasschale-mondrian\/\">Continued<\/a><\/p>\n","protected":false},"featured_media":1084,"template":"","meta":{"_acf_changed":false},"product_brand":[],"product_cat":[174,103],"product_tag":[],"class_list":{"0":"post-1083","1":"product","2":"type-product","3":"status-publish","4":"has-post-thumbnail","6":"product_cat-wohndekoration","7":"product_cat-wohnen-deko","9":"first","10":"instock","11":"purchasable","12":"product-type-simple"},"acf":[],"_links":{"self":[{"href":"https:\/\/www.regionalis.shop\/glassartstadler\/wp-json\/wp\/v2\/product\/1083","targetHints":{"allow":["GET"]}}],"collection":[{"href":"https:\/\/www.regionalis.shop\/glassartstadler\/wp-json\/wp\/v2\/product"}],"about":[{"href":"https:\/\/www.regionalis.shop\/glassartstadler\/wp-json\/wp\/v2\/types\/product"}],"wp:featuredmedia":[{"embeddable":true,"href":"https:\/\/www.regionalis.shop\/glassartstadler\/wp-json\/wp\/v2\/media\/1084"}],"wp:attachment":[{"href":"https:\/\/www.regionalis.shop\/glassartstadler\/wp-json\/wp\/v2\/media?parent=1083"}],"wp:term":[{"taxonomy":"product_brand","embeddable":true,"href":"https:\/\/www.regionalis.shop\/glassartstadler\/wp-json\/wp\/v2\/product_brand?post=1083"},{"taxonomy":"product_cat","embeddable":true,"href":"https:\/\/www.regionalis.shop\/glassartstadler\/wp-json\/wp\/v2\/product_cat?post=1083"},{"taxonomy":"product_tag","embeddable":true,"href":"https:\/\/www.regionalis.shop\/glassartstadler\/wp-json\/wp\/v2\/product_tag?post=1083"}],"curies":[{"name":"wp","href":"https:\/\/api.w.org\/{rel}","templated":true}]}}