{"id":1098,"date":"2025-04-18T01:03:06","date_gmt":"2025-04-17T23:03:06","guid":{"rendered":"https:\/\/www.regionalis.shop\/glassartstadler\/product\/teelichthalter-4\/"},"modified":"2025-04-18T01:03:06","modified_gmt":"2025-04-17T23:03:06","slug":"teelichthalter-4","status":"publish","type":"product","link":"https:\/\/www.regionalis.shop\/glassartstadler\/shop\/teelichthalter-4\/","title":{"rendered":"Teelichthalter"},"content":{"rendered":"<p>Die Teelichthalter werden von mir einzeln erstellt.<br \/>\nDabei werden bunte Glasteile zugeschnitten und miteinander sowie weiteren Komponenten verschmolzen und anschlie\u00dfend zur endg\u00fcltigen Form gebracht.<br \/>\nDurch die manuell ausgef\u00fchrte Fertigung k\u00f6nnen Abweichungen vor allem in der Farbe entstehen.<br \/>\nH\u00f6he: ca. 10 cm<br \/>\nBreite und Tiefe: ca. 10 cm<br \/>\nSpeziell mit brennenden Kerzen entstehen beeindruckende Lichteffekte.<br \/>\nEs k\u00f6nnen beliebige Kerzen verwendet werden, ideal passen aber die gr\u00f6\u00dferen klassischen Teelichter mit 6 cm Durchmesser.<\/p>\n<p>Die Teelichter eignen sich bestens als Geschenk.<br \/>\nSie verbreiten eine angenehme, romantische Stimmung.<\/p>\n","protected":false},"excerpt":{"rendered":"<p>Die Teelichthalter werden von mir einzeln erstellt. Dabei werden bunte Glasteile zugeschnitten und miteinander sowie weiteren Komponenten verschmolzen und anschlie\u00dfend zur endg\u00fcltigen Form gebracht. Durch die manuell ausgef\u00fchrte Fertigung k\u00f6nnen Abweichungen vor allem in der Farbe entstehen. H\u00f6he: ca. 10 cm Breite und Tiefe: ca. 10 cm Speziell mit brennenden Kerzen entstehen beeindruckende Lichteffekte. Es &hellip; <a href=\"https:\/\/www.regionalis.shop\/glassartstadler\/shop\/teelichthalter-4\/\">Continued<\/a><\/p>\n","protected":false},"featured_media":1099,"template":"","meta":{"_acf_changed":false},"product_brand":[],"product_cat":[151,103],"product_tag":[],"class_list":{"0":"post-1098","1":"product","2":"type-product","3":"status-publish","4":"has-post-thumbnail","6":"product_cat-kerzen-kerzenstaender","7":"product_cat-wohnen-deko","9":"first","10":"instock","11":"purchasable","12":"product-type-simple"},"acf":[],"_links":{"self":[{"href":"https:\/\/www.regionalis.shop\/glassartstadler\/wp-json\/wp\/v2\/product\/1098","targetHints":{"allow":["GET"]}}],"collection":[{"href":"https:\/\/www.regionalis.shop\/glassartstadler\/wp-json\/wp\/v2\/product"}],"about":[{"href":"https:\/\/www.regionalis.shop\/glassartstadler\/wp-json\/wp\/v2\/types\/product"}],"wp:featuredmedia":[{"embeddable":true,"href":"https:\/\/www.regionalis.shop\/glassartstadler\/wp-json\/wp\/v2\/media\/1099"}],"wp:attachment":[{"href":"https:\/\/www.regionalis.shop\/glassartstadler\/wp-json\/wp\/v2\/media?parent=1098"}],"wp:term":[{"taxonomy":"product_brand","embeddable":true,"href":"https:\/\/www.regionalis.shop\/glassartstadler\/wp-json\/wp\/v2\/product_brand?post=1098"},{"taxonomy":"product_cat","embeddable":true,"href":"https:\/\/www.regionalis.shop\/glassartstadler\/wp-json\/wp\/v2\/product_cat?post=1098"},{"taxonomy":"product_tag","embeddable":true,"href":"https:\/\/www.regionalis.shop\/glassartstadler\/wp-json\/wp\/v2\/product_tag?post=1098"}],"curies":[{"name":"wp","href":"https:\/\/api.w.org\/{rel}","templated":true}]}}