{"id":1103,"date":"2025-04-18T01:02:44","date_gmt":"2025-04-17T23:02:44","guid":{"rendered":"https:\/\/www.regionalis.shop\/glassartstadler\/product\/glasschale-oval-spots\/"},"modified":"2025-04-18T01:02:44","modified_gmt":"2025-04-17T23:02:44","slug":"glasschale-oval-spots","status":"publish","type":"product","link":"https:\/\/www.regionalis.shop\/glassartstadler\/shop\/glasschale-oval-spots\/","title":{"rendered":"Glasschale Oval Spots"},"content":{"rendered":"<p>Diese Schale ist ein handgefertigtes Einzelst\u00fcck.<br \/>\nIm ersten Arbeitsgang werden die Glasteile zugeschnitten und entsprechend angeordnet. Beim ersten Brennvorgang entsteht eine ebene Platte, die im zweiten Brennvorgang  zur endg\u00fcltigen Schalenform abgesenkt wird. Jeder dieser Brennvorg\u00e4nge dauert etwa 9 &#8211; 12 Stunden.<br \/>\nDie Schale misst ca. 31 x 19 cm<br \/>\nDie H\u00f6he ist ca. 3 cm<br \/>\nGlasdicke : 6mm<\/p>\n<p>Diese Schale eignet sich ideal als Geschenk.<br \/>\nSie ist ein echter Blickfang und kann als Obstschale, f\u00fcr Snacks oder einfach nur zur Raumdekoration verwendet werden.<\/p>\n","protected":false},"excerpt":{"rendered":"<p>Diese Schale ist ein handgefertigtes Einzelst\u00fcck. Im ersten Arbeitsgang werden die Glasteile zugeschnitten und entsprechend angeordnet. Beim ersten Brennvorgang entsteht eine ebene Platte, die im zweiten Brennvorgang zur endg\u00fcltigen Schalenform abgesenkt wird. Jeder dieser Brennvorg\u00e4nge dauert etwa 9 &#8211; 12 Stunden. Die Schale misst ca. 31 x 19 cm Die H\u00f6he ist ca. 3 cm &hellip; <a href=\"https:\/\/www.regionalis.shop\/glassartstadler\/shop\/glasschale-oval-spots\/\">Continued<\/a><\/p>\n","protected":false},"featured_media":1104,"template":"","meta":{"_acf_changed":false},"product_brand":[],"product_cat":[174,103],"product_tag":[],"class_list":{"0":"post-1103","1":"product","2":"type-product","3":"status-publish","4":"has-post-thumbnail","6":"product_cat-wohndekoration","7":"product_cat-wohnen-deko","9":"first","10":"instock","11":"purchasable","12":"product-type-simple"},"acf":[],"_links":{"self":[{"href":"https:\/\/www.regionalis.shop\/glassartstadler\/wp-json\/wp\/v2\/product\/1103","targetHints":{"allow":["GET"]}}],"collection":[{"href":"https:\/\/www.regionalis.shop\/glassartstadler\/wp-json\/wp\/v2\/product"}],"about":[{"href":"https:\/\/www.regionalis.shop\/glassartstadler\/wp-json\/wp\/v2\/types\/product"}],"wp:featuredmedia":[{"embeddable":true,"href":"https:\/\/www.regionalis.shop\/glassartstadler\/wp-json\/wp\/v2\/media\/1104"}],"wp:attachment":[{"href":"https:\/\/www.regionalis.shop\/glassartstadler\/wp-json\/wp\/v2\/media?parent=1103"}],"wp:term":[{"taxonomy":"product_brand","embeddable":true,"href":"https:\/\/www.regionalis.shop\/glassartstadler\/wp-json\/wp\/v2\/product_brand?post=1103"},{"taxonomy":"product_cat","embeddable":true,"href":"https:\/\/www.regionalis.shop\/glassartstadler\/wp-json\/wp\/v2\/product_cat?post=1103"},{"taxonomy":"product_tag","embeddable":true,"href":"https:\/\/www.regionalis.shop\/glassartstadler\/wp-json\/wp\/v2\/product_tag?post=1103"}],"curies":[{"name":"wp","href":"https:\/\/api.w.org\/{rel}","templated":true}]}}