{"id":1106,"date":"2025-04-18T00:57:03","date_gmt":"2025-04-17T22:57:03","guid":{"rendered":"https:\/\/www.regionalis.shop\/glassartstadler\/product\/glasschale-koralle\/"},"modified":"2025-04-18T00:57:03","modified_gmt":"2025-04-17T22:57:03","slug":"glasschale-koralle","status":"publish","type":"product","link":"https:\/\/www.regionalis.shop\/glassartstadler\/shop\/glasschale-koralle\/","title":{"rendered":"Glasschale Koralle"},"content":{"rendered":"<p>Diese Schale ist ein handgefertigtes Einzelst\u00fcck.<br \/>\nIm ersten Arbeitsgang werden die Glasteile zugeschnitten und entsprechend angeordnet. Beim ersten Brennvorgang entsteht eine ebene Platte, die im zweiten Brennvorgang  zur endg\u00fcltigen Schalenform abgesenkt wird. Jeder dieser Brennvorg\u00e4nge dauert etwa 9 &#8211; 12 Stunden.<br \/>\nDie Schale hat ca. 30 cm Durchmesser<br \/>\nDie H\u00f6he ist ca. 4 cm<br \/>\nGlasdicke : 6mm<br \/>\nGewicht: 0,4 kg<\/p>\n<p>Diese Schale eignet sich ideal als Geschenk.<br \/>\nDas dunkelrote, transparente Glas f\u00fchrt bei entsprechendem Lichteinfall zu tollen Effekten und Reflexionen.<br \/>\nSie ist ein echter Blickfang und wertet jeden Raum auf.<\/p>\n","protected":false},"excerpt":{"rendered":"<p>Diese Schale ist ein handgefertigtes Einzelst\u00fcck. Im ersten Arbeitsgang werden die Glasteile zugeschnitten und entsprechend angeordnet. Beim ersten Brennvorgang entsteht eine ebene Platte, die im zweiten Brennvorgang zur endg\u00fcltigen Schalenform abgesenkt wird. Jeder dieser Brennvorg\u00e4nge dauert etwa 9 &#8211; 12 Stunden. Die Schale hat ca. 30 cm Durchmesser Die H\u00f6he ist ca. 4 cm Glasdicke &hellip; <a href=\"https:\/\/www.regionalis.shop\/glassartstadler\/shop\/glasschale-koralle\/\">Continued<\/a><\/p>\n","protected":false},"featured_media":1107,"template":"","meta":{"_acf_changed":false},"product_brand":[],"product_cat":[174,103],"product_tag":[],"class_list":{"0":"post-1106","1":"product","2":"type-product","3":"status-publish","4":"has-post-thumbnail","6":"product_cat-wohndekoration","7":"product_cat-wohnen-deko","9":"first","10":"instock","11":"purchasable","12":"product-type-simple"},"acf":[],"_links":{"self":[{"href":"https:\/\/www.regionalis.shop\/glassartstadler\/wp-json\/wp\/v2\/product\/1106","targetHints":{"allow":["GET"]}}],"collection":[{"href":"https:\/\/www.regionalis.shop\/glassartstadler\/wp-json\/wp\/v2\/product"}],"about":[{"href":"https:\/\/www.regionalis.shop\/glassartstadler\/wp-json\/wp\/v2\/types\/product"}],"wp:featuredmedia":[{"embeddable":true,"href":"https:\/\/www.regionalis.shop\/glassartstadler\/wp-json\/wp\/v2\/media\/1107"}],"wp:attachment":[{"href":"https:\/\/www.regionalis.shop\/glassartstadler\/wp-json\/wp\/v2\/media?parent=1106"}],"wp:term":[{"taxonomy":"product_brand","embeddable":true,"href":"https:\/\/www.regionalis.shop\/glassartstadler\/wp-json\/wp\/v2\/product_brand?post=1106"},{"taxonomy":"product_cat","embeddable":true,"href":"https:\/\/www.regionalis.shop\/glassartstadler\/wp-json\/wp\/v2\/product_cat?post=1106"},{"taxonomy":"product_tag","embeddable":true,"href":"https:\/\/www.regionalis.shop\/glassartstadler\/wp-json\/wp\/v2\/product_tag?post=1106"}],"curies":[{"name":"wp","href":"https:\/\/api.w.org\/{rel}","templated":true}]}}