{"id":1140,"date":"2025-04-18T00:36:21","date_gmt":"2025-04-17T22:36:21","guid":{"rendered":"https:\/\/www.regionalis.shop\/glassartstadler\/product\/teelichthalter-2\/"},"modified":"2025-04-18T00:36:21","modified_gmt":"2025-04-17T22:36:21","slug":"teelichthalter-2","status":"publish","type":"product","link":"https:\/\/www.regionalis.shop\/glassartstadler\/shop\/teelichthalter-2\/","title":{"rendered":"Teelichthalter"},"content":{"rendered":"<p>Die Teelichthalter werden von mir einzeln erstellt.<br \/>\nDabei werden bunte Glasteile zugeschnitten und miteinander verschmolzen und anschlie\u00dfend zur endg\u00fcltigen Form gebracht.<br \/>\nH\u00f6he: ca. 8 cm<br \/>\nDurchmesser: ca. 9 cm<br \/>\nSpeziell bei transparentem Glas entstehen beeindruckende Lichteffekte.<br \/>\nEs k\u00f6nnen beliebige Kerzen verwendet werden, ideal passen aber die gr\u00f6\u00dferen klassischen Teelichter mit 6 cm Durchmesser.<\/p>\n<p>Die Teelichter eignen sich bestens als Geschenk.<br \/>\nSie verbreiten eine angenehme, romantische Stimmung.<\/p>\n","protected":false},"excerpt":{"rendered":"<p>Die Teelichthalter werden von mir einzeln erstellt. Dabei werden bunte Glasteile zugeschnitten und miteinander verschmolzen und anschlie\u00dfend zur endg\u00fcltigen Form gebracht. H\u00f6he: ca. 8 cm Durchmesser: ca. 9 cm Speziell bei transparentem Glas entstehen beeindruckende Lichteffekte. Es k\u00f6nnen beliebige Kerzen verwendet werden, ideal passen aber die gr\u00f6\u00dferen klassischen Teelichter mit 6 cm Durchmesser. Die Teelichter &hellip; <a href=\"https:\/\/www.regionalis.shop\/glassartstadler\/shop\/teelichthalter-2\/\">Continued<\/a><\/p>\n","protected":false},"featured_media":1141,"template":"","meta":{"_acf_changed":false},"product_brand":[],"product_cat":[151,103],"product_tag":[],"class_list":{"0":"post-1140","1":"product","2":"type-product","3":"status-publish","4":"has-post-thumbnail","6":"product_cat-kerzen-kerzenstaender","7":"product_cat-wohnen-deko","9":"first","10":"instock","11":"purchasable","12":"product-type-simple"},"acf":[],"_links":{"self":[{"href":"https:\/\/www.regionalis.shop\/glassartstadler\/wp-json\/wp\/v2\/product\/1140","targetHints":{"allow":["GET"]}}],"collection":[{"href":"https:\/\/www.regionalis.shop\/glassartstadler\/wp-json\/wp\/v2\/product"}],"about":[{"href":"https:\/\/www.regionalis.shop\/glassartstadler\/wp-json\/wp\/v2\/types\/product"}],"wp:featuredmedia":[{"embeddable":true,"href":"https:\/\/www.regionalis.shop\/glassartstadler\/wp-json\/wp\/v2\/media\/1141"}],"wp:attachment":[{"href":"https:\/\/www.regionalis.shop\/glassartstadler\/wp-json\/wp\/v2\/media?parent=1140"}],"wp:term":[{"taxonomy":"product_brand","embeddable":true,"href":"https:\/\/www.regionalis.shop\/glassartstadler\/wp-json\/wp\/v2\/product_brand?post=1140"},{"taxonomy":"product_cat","embeddable":true,"href":"https:\/\/www.regionalis.shop\/glassartstadler\/wp-json\/wp\/v2\/product_cat?post=1140"},{"taxonomy":"product_tag","embeddable":true,"href":"https:\/\/www.regionalis.shop\/glassartstadler\/wp-json\/wp\/v2\/product_tag?post=1140"}],"curies":[{"name":"wp","href":"https:\/\/api.w.org\/{rel}","templated":true}]}}