{"id":1042,"date":"2025-10-23T16:14:07","date_gmt":"2025-10-23T14:14:07","guid":{"rendered":"https:\/\/www.regionalis.shop\/goina\/?page_id=1042"},"modified":"2025-10-23T16:16:34","modified_gmt":"2025-10-23T14:16:34","slug":"impressum","status":"publish","type":"page","link":"https:\/\/www.regionalis.shop\/goina\/impressum\/","title":{"rendered":"Impressum"},"content":{"rendered":"<section>\n            <p>Manchmal sagt eine Karte mehr als 1000 \u201eLikes\u201c. Vor allem dann, wenn sie mit viel Liebe gemacht wurde. Und was Liebe angeht, davon steckt so einiges in meinen handgemachten Billets.<\/p>\n<p>Seit 2013 stelle ich in sorgsamer Handarbeit Klappkarten f\u00fcr verschiedenste Anl\u00e4sse her. Dabei verbinde ich Liebgewonnenes aus der Kindheit mit modernen Motiven. Ganz einfach. Ganz ehrlich. <\/p>\n<p>Unterst\u00fctzung bekomme ich dabei von der \u00d6HTB Arbeiten GmbH. In der Werkst\u00e4tte Braunhubergasse in Wien wird ein Teil der Handarbeit von Menschen mit Lernbeeintr\u00e4chtigungen gemacht. <\/p>\n<p>Ob also Geburtstagsgl\u00fcckw\u00fcnsche, Weihnachtskarten oder Gru\u00df an deinen Lieblingsmenschen \u2013 ich k\u00fcmmere mich darum, dass aus einfachen Nachrichten  besondere Botschaften werden.  <\/p>\n<p>P.S.: Der Name leitet sich \u00fcbrigens von meinem Nachnamen ab. &#8222;G\u00f6llner&#8220; hei\u00dft in pinzgauer Mundart n\u00e4mlich einfach &#8222;goina&#8220;.<\/p>\n\n    <\/section>","protected":false},"excerpt":{"rendered":"","protected":false},"author":1,"featured_media":0,"parent":0,"menu_order":0,"comment_status":"closed","ping_status":"closed","template":"","meta":{"_acf_changed":false,"footnotes":""},"class_list":["post-1042","page","type-page","status-publish","hentry"],"acf":[],"_links":{"self":[{"href":"https:\/\/www.regionalis.shop\/goina\/wp-json\/wp\/v2\/pages\/1042","targetHints":{"allow":["GET"]}}],"collection":[{"href":"https:\/\/www.regionalis.shop\/goina\/wp-json\/wp\/v2\/pages"}],"about":[{"href":"https:\/\/www.regionalis.shop\/goina\/wp-json\/wp\/v2\/types\/page"}],"author":[{"embeddable":true,"href":"https:\/\/www.regionalis.shop\/goina\/wp-json\/wp\/v2\/users\/1"}],"replies":[{"embeddable":true,"href":"https:\/\/www.regionalis.shop\/goina\/wp-json\/wp\/v2\/comments?post=1042"}],"version-history":[{"count":2,"href":"https:\/\/www.regionalis.shop\/goina\/wp-json\/wp\/v2\/pages\/1042\/revisions"}],"predecessor-version":[{"id":1044,"href":"https:\/\/www.regionalis.shop\/goina\/wp-json\/wp\/v2\/pages\/1042\/revisions\/1044"}],"wp:attachment":[{"href":"https:\/\/www.regionalis.shop\/goina\/wp-json\/wp\/v2\/media?parent=1042"}],"curies":[{"name":"wp","href":"https:\/\/api.w.org\/{rel}","templated":true}]}}