{"id":1054,"date":"2025-04-28T04:18:16","date_gmt":"2025-04-28T02:18:16","guid":{"rendered":"https:\/\/www.regionalis.shop\/goina\/product\/kresse-statt-blumenstrauss-grusskarte\/"},"modified":"2025-04-28T04:18:16","modified_gmt":"2025-04-28T02:18:16","slug":"kresse-statt-blumenstrauss-grusskarte","status":"publish","type":"product","link":"https:\/\/www.regionalis.shop\/goina\/shop\/kresse-statt-blumenstrauss-grusskarte\/","title":{"rendered":"KRESSE STATT BLUMENSTRAUSS Gru\u00dfkarte"},"content":{"rendered":"<p>Immer nur Blumen sind doch fad. Wie w\u00e4rs stattdessen einmal mit Kresse? Und daf\u00fcr braucht der Beschenkte nicht einmal einen besonders gr\u00fcnen Daumen.<\/p>\n<p>Mit Kressesamen im durchsichtigen Kuvert.<\/p>\n<p>Gr\u00f6\u00dfe geschlossen: 14,8 x 14,8 cm<\/p>\n<p>Gr\u00f6\u00dfe offen: 29,6 x 14,8 cm<\/p>\n<p>Kommt mit passendem Kuvert in hellgr\u00fcn (15,5 x 15,5 cm)<\/p>\n<p>Gedruckt auf feinem Papier von Munken mit einer Grammatur von 300<\/p>\n","protected":false},"excerpt":{"rendered":"<p>Immer nur Blumen sind doch fad. Wie w\u00e4rs stattdessen einmal mit Kresse? Und daf\u00fcr braucht der Beschenkte nicht einmal einen besonders gr\u00fcnen Daumen. Mit Kressesamen im durchsichtigen Kuvert. Gr\u00f6\u00dfe geschlossen: 14,8 x 14,8 cm Gr\u00f6\u00dfe offen: 29,6 x 14,8 cm Kommt mit passendem Kuvert in hellgr\u00fcn (15,5 x 15,5 cm) Gedruckt auf feinem Papier von &hellip; <a href=\"https:\/\/www.regionalis.shop\/goina\/shop\/kresse-statt-blumenstrauss-grusskarte\/\">Continued<\/a><\/p>\n","protected":false},"featured_media":1055,"template":"","meta":{"_acf_changed":false},"product_brand":[],"product_cat":[134,62],"product_tag":[],"class_list":{"0":"post-1054","1":"product","2":"type-product","3":"status-publish","4":"has-post-thumbnail","6":"product_cat-geschenk-gruskarten","7":"product_cat-papeterie-schreibwaren","9":"first","10":"instock","11":"purchasable","12":"product-type-simple"},"acf":[],"_links":{"self":[{"href":"https:\/\/www.regionalis.shop\/goina\/wp-json\/wp\/v2\/product\/1054","targetHints":{"allow":["GET"]}}],"collection":[{"href":"https:\/\/www.regionalis.shop\/goina\/wp-json\/wp\/v2\/product"}],"about":[{"href":"https:\/\/www.regionalis.shop\/goina\/wp-json\/wp\/v2\/types\/product"}],"wp:featuredmedia":[{"embeddable":true,"href":"https:\/\/www.regionalis.shop\/goina\/wp-json\/wp\/v2\/media\/1055"}],"wp:attachment":[{"href":"https:\/\/www.regionalis.shop\/goina\/wp-json\/wp\/v2\/media?parent=1054"}],"wp:term":[{"taxonomy":"product_brand","embeddable":true,"href":"https:\/\/www.regionalis.shop\/goina\/wp-json\/wp\/v2\/product_brand?post=1054"},{"taxonomy":"product_cat","embeddable":true,"href":"https:\/\/www.regionalis.shop\/goina\/wp-json\/wp\/v2\/product_cat?post=1054"},{"taxonomy":"product_tag","embeddable":true,"href":"https:\/\/www.regionalis.shop\/goina\/wp-json\/wp\/v2\/product_tag?post=1054"}],"curies":[{"name":"wp","href":"https:\/\/api.w.org\/{rel}","templated":true}]}}