{"id":1057,"date":"2025-04-28T04:18:16","date_gmt":"2025-04-28T02:18:16","guid":{"rendered":"https:\/\/www.regionalis.shop\/goina\/product\/love-is-in-the-air-grusskarte\/"},"modified":"2025-04-28T04:18:16","modified_gmt":"2025-04-28T02:18:16","slug":"love-is-in-the-air-grusskarte","status":"publish","type":"product","link":"https:\/\/www.regionalis.shop\/goina\/shop\/love-is-in-the-air-grusskarte\/","title":{"rendered":"LOVE IS IN THE AIR Gru\u00dfkarte"},"content":{"rendered":"<p>LOVE IS IN THE AIR<br \/>\n\u2026everywhere i look around! Perfekt zur Hochzeit, zum Valentinstag oder um seinen Liebsten zwischendruch zu sagen, wie gern man sie hat.<\/p>\n<p>Mit Herz-Konfetti in verschiedenen rot- und rosat\u00f6nen.<\/p>\n<p>Gr\u00f6\u00dfe geschlossen: 14,8 x 14,8 cm<\/p>\n<p>Gr\u00f6\u00dfe offen: 29,6 x 14,8 cm<\/p>\n<p>Kommt mit passendem Kuvert in rot (15,5 x 15,5 cm)<\/p>\n<p>Gedruckt auf feinem Papier von Munken mit einer Grammatur von 300<\/p>\n","protected":false},"excerpt":{"rendered":"<p>LOVE IS IN THE AIR \u2026everywhere i look around! Perfekt zur Hochzeit, zum Valentinstag oder um seinen Liebsten zwischendruch zu sagen, wie gern man sie hat. Mit Herz-Konfetti in verschiedenen rot- und rosat\u00f6nen. Gr\u00f6\u00dfe geschlossen: 14,8 x 14,8 cm Gr\u00f6\u00dfe offen: 29,6 x 14,8 cm Kommt mit passendem Kuvert in rot (15,5 x 15,5 cm) &hellip; <a href=\"https:\/\/www.regionalis.shop\/goina\/shop\/love-is-in-the-air-grusskarte\/\">Continued<\/a><\/p>\n","protected":false},"featured_media":1058,"template":"","meta":{"_acf_changed":false},"product_brand":[],"product_cat":[134,62],"product_tag":[],"class_list":{"0":"post-1057","1":"product","2":"type-product","3":"status-publish","4":"has-post-thumbnail","6":"product_cat-geschenk-gruskarten","7":"product_cat-papeterie-schreibwaren","9":"first","10":"instock","11":"purchasable","12":"product-type-simple"},"acf":[],"_links":{"self":[{"href":"https:\/\/www.regionalis.shop\/goina\/wp-json\/wp\/v2\/product\/1057","targetHints":{"allow":["GET"]}}],"collection":[{"href":"https:\/\/www.regionalis.shop\/goina\/wp-json\/wp\/v2\/product"}],"about":[{"href":"https:\/\/www.regionalis.shop\/goina\/wp-json\/wp\/v2\/types\/product"}],"wp:featuredmedia":[{"embeddable":true,"href":"https:\/\/www.regionalis.shop\/goina\/wp-json\/wp\/v2\/media\/1058"}],"wp:attachment":[{"href":"https:\/\/www.regionalis.shop\/goina\/wp-json\/wp\/v2\/media?parent=1057"}],"wp:term":[{"taxonomy":"product_brand","embeddable":true,"href":"https:\/\/www.regionalis.shop\/goina\/wp-json\/wp\/v2\/product_brand?post=1057"},{"taxonomy":"product_cat","embeddable":true,"href":"https:\/\/www.regionalis.shop\/goina\/wp-json\/wp\/v2\/product_cat?post=1057"},{"taxonomy":"product_tag","embeddable":true,"href":"https:\/\/www.regionalis.shop\/goina\/wp-json\/wp\/v2\/product_tag?post=1057"}],"curies":[{"name":"wp","href":"https:\/\/api.w.org\/{rel}","templated":true}]}}