{"id":1063,"date":"2025-04-28T04:18:16","date_gmt":"2025-04-28T02:18:16","guid":{"rendered":"https:\/\/www.regionalis.shop\/goina\/product\/happy-bee-day-geburtstagsbillet\/"},"modified":"2025-04-28T04:18:16","modified_gmt":"2025-04-28T02:18:16","slug":"happy-bee-day-geburtstagsbillet","status":"publish","type":"product","link":"https:\/\/www.regionalis.shop\/goina\/shop\/happy-bee-day-geburtstagsbillet\/","title":{"rendered":"HAPPY BEE DAY Geburtstagsbillet"},"content":{"rendered":"<p>Ein Bienchen, das garantiert nicht sticht, jedoch sicher jemandem ein L\u00e4cheln ins Gesicht zaubert. Sch\u00f6ner kann man Geburtstagsw\u00fcnsche nicht \u00fcberbringen.<\/p>\n<p>Mit Biene aus B\u00fcgelperlen.<\/p>\n<p>Gr\u00f6\u00dfe geschlossen: 14,8 x 14,8 cm<\/p>\n<p>Gr\u00f6\u00dfe offen: 29,6 x 14,8 cm<\/p>\n<p>Kommt mit passendem Kuvert in gelb (15,5 x 15,5 cm)<\/p>\n<p>Gedruckt auf feinem Papier von Munken mit einer Grammatur von 300<\/p>\n","protected":false},"excerpt":{"rendered":"<p>Ein Bienchen, das garantiert nicht sticht, jedoch sicher jemandem ein L\u00e4cheln ins Gesicht zaubert. Sch\u00f6ner kann man Geburtstagsw\u00fcnsche nicht \u00fcberbringen. Mit Biene aus B\u00fcgelperlen. Gr\u00f6\u00dfe geschlossen: 14,8 x 14,8 cm Gr\u00f6\u00dfe offen: 29,6 x 14,8 cm Kommt mit passendem Kuvert in gelb (15,5 x 15,5 cm) Gedruckt auf feinem Papier von Munken mit einer Grammatur &hellip; <a href=\"https:\/\/www.regionalis.shop\/goina\/shop\/happy-bee-day-geburtstagsbillet\/\">Continued<\/a><\/p>\n","protected":false},"featured_media":1064,"template":"","meta":{"_acf_changed":false},"product_brand":[],"product_cat":[134,62],"product_tag":[],"class_list":{"0":"post-1063","1":"product","2":"type-product","3":"status-publish","4":"has-post-thumbnail","6":"product_cat-geschenk-gruskarten","7":"product_cat-papeterie-schreibwaren","9":"first","10":"instock","11":"purchasable","12":"product-type-simple"},"acf":[],"_links":{"self":[{"href":"https:\/\/www.regionalis.shop\/goina\/wp-json\/wp\/v2\/product\/1063","targetHints":{"allow":["GET"]}}],"collection":[{"href":"https:\/\/www.regionalis.shop\/goina\/wp-json\/wp\/v2\/product"}],"about":[{"href":"https:\/\/www.regionalis.shop\/goina\/wp-json\/wp\/v2\/types\/product"}],"wp:featuredmedia":[{"embeddable":true,"href":"https:\/\/www.regionalis.shop\/goina\/wp-json\/wp\/v2\/media\/1064"}],"wp:attachment":[{"href":"https:\/\/www.regionalis.shop\/goina\/wp-json\/wp\/v2\/media?parent=1063"}],"wp:term":[{"taxonomy":"product_brand","embeddable":true,"href":"https:\/\/www.regionalis.shop\/goina\/wp-json\/wp\/v2\/product_brand?post=1063"},{"taxonomy":"product_cat","embeddable":true,"href":"https:\/\/www.regionalis.shop\/goina\/wp-json\/wp\/v2\/product_cat?post=1063"},{"taxonomy":"product_tag","embeddable":true,"href":"https:\/\/www.regionalis.shop\/goina\/wp-json\/wp\/v2\/product_tag?post=1063"}],"curies":[{"name":"wp","href":"https:\/\/api.w.org\/{rel}","templated":true}]}}