{"id":1074,"date":"2025-04-28T04:17:12","date_gmt":"2025-04-28T02:17:12","guid":{"rendered":"https:\/\/www.regionalis.shop\/goina\/product\/geburtstagskerze-geburtstagskarte-mit-echter-kerze\/"},"modified":"2025-04-28T04:17:12","modified_gmt":"2025-04-28T02:17:12","slug":"geburtstagskerze-geburtstagskarte-mit-echter-kerze","status":"publish","type":"product","link":"https:\/\/www.regionalis.shop\/goina\/shop\/geburtstagskerze-geburtstagskarte-mit-echter-kerze\/","title":{"rendered":"GEBURTSTAGSKERZE Geburtstagskarte mit echter Kerze"},"content":{"rendered":"<p>Wer hat fr\u00fcher nicht gerne die bunten Kerzen auf der Geburtstagstorte ausgeblasen? Hiermit gibt ein Revival in Gru\u00dfkarten-form in vier poppigen Farben.<\/p>\n<p>Mit einer echten Geburtstagskerze in neon-pink, neon-gr\u00fcn, neon-orange oder neon-gelb<\/p>\n<p>Gr\u00f6\u00dfe geschlossen: 14,8 x 14,8 cm<\/p>\n<p>Gr\u00f6\u00dfe offen: 29,6 x 14,8 cm<\/p>\n<p>Kommt mit passendem Kuvert in pink, gr\u00fcn, orange oder gelb (15,5 x 15,5 cm)<\/p>\n<p>Gefertigt aus feinem Papier von Munken mit einer Grammatur von 300<\/p>\n","protected":false},"excerpt":{"rendered":"<p>Wer hat fr\u00fcher nicht gerne die bunten Kerzen auf der Geburtstagstorte ausgeblasen? Hiermit gibt ein Revival in Gru\u00dfkarten-form in vier poppigen Farben. Mit einer echten Geburtstagskerze in neon-pink, neon-gr\u00fcn, neon-orange oder neon-gelb Gr\u00f6\u00dfe geschlossen: 14,8 x 14,8 cm Gr\u00f6\u00dfe offen: 29,6 x 14,8 cm Kommt mit passendem Kuvert in pink, gr\u00fcn, orange oder gelb (15,5 &hellip; <a href=\"https:\/\/www.regionalis.shop\/goina\/shop\/geburtstagskerze-geburtstagskarte-mit-echter-kerze\/\">Continued<\/a><\/p>\n","protected":false},"featured_media":1075,"template":"","meta":{"_acf_changed":false},"product_brand":[],"product_cat":[134,62],"product_tag":[],"class_list":{"0":"post-1074","1":"product","2":"type-product","3":"status-publish","4":"has-post-thumbnail","6":"product_cat-geschenk-gruskarten","7":"product_cat-papeterie-schreibwaren","9":"first","10":"instock","11":"purchasable","12":"product-type-simple"},"acf":[],"_links":{"self":[{"href":"https:\/\/www.regionalis.shop\/goina\/wp-json\/wp\/v2\/product\/1074","targetHints":{"allow":["GET"]}}],"collection":[{"href":"https:\/\/www.regionalis.shop\/goina\/wp-json\/wp\/v2\/product"}],"about":[{"href":"https:\/\/www.regionalis.shop\/goina\/wp-json\/wp\/v2\/types\/product"}],"wp:featuredmedia":[{"embeddable":true,"href":"https:\/\/www.regionalis.shop\/goina\/wp-json\/wp\/v2\/media\/1075"}],"wp:attachment":[{"href":"https:\/\/www.regionalis.shop\/goina\/wp-json\/wp\/v2\/media?parent=1074"}],"wp:term":[{"taxonomy":"product_brand","embeddable":true,"href":"https:\/\/www.regionalis.shop\/goina\/wp-json\/wp\/v2\/product_brand?post=1074"},{"taxonomy":"product_cat","embeddable":true,"href":"https:\/\/www.regionalis.shop\/goina\/wp-json\/wp\/v2\/product_cat?post=1074"},{"taxonomy":"product_tag","embeddable":true,"href":"https:\/\/www.regionalis.shop\/goina\/wp-json\/wp\/v2\/product_tag?post=1074"}],"curies":[{"name":"wp","href":"https:\/\/api.w.org\/{rel}","templated":true}]}}