{"id":1082,"date":"2025-04-28T04:17:12","date_gmt":"2025-04-28T02:17:12","guid":{"rendered":"https:\/\/www.regionalis.shop\/goina\/product\/lets-party-grusskarte-mit-echtem-konfetti\/"},"modified":"2025-04-28T04:17:12","modified_gmt":"2025-04-28T02:17:12","slug":"lets-party-grusskarte-mit-echtem-konfetti","status":"publish","type":"product","link":"https:\/\/www.regionalis.shop\/goina\/shop\/lets-party-grusskarte-mit-echtem-konfetti\/","title":{"rendered":"LET\u00b4S PARTY! Gru\u00dfkarte mit echtem Konfetti"},"content":{"rendered":"<p>A little party never killed nobody! Gr\u00fcnde gibt es ja genug, also lasst es mal wieder krachen. Und Konfetti darf sowieso bei keiner guten Party fehlen.<\/p>\n<p>Mit viel buntem Konfetti im durchsichtigen Kuvert.<\/p>\n<p>Gr\u00f6\u00dfe geschlossen: 14,8 x 14,8 cm<\/p>\n<p>Gr\u00f6\u00dfe offen: 29,6 x 14,8 cm<\/p>\n<p>Kommt mit passendem Kuvert in lila (15,5 x 15,5 cm)<\/p>\n<p>Gedruckt auf feinem Papier von Munken mit einer Grammatur von 300<\/p>\n","protected":false},"excerpt":{"rendered":"<p>A little party never killed nobody! Gr\u00fcnde gibt es ja genug, also lasst es mal wieder krachen. Und Konfetti darf sowieso bei keiner guten Party fehlen. Mit viel buntem Konfetti im durchsichtigen Kuvert. Gr\u00f6\u00dfe geschlossen: 14,8 x 14,8 cm Gr\u00f6\u00dfe offen: 29,6 x 14,8 cm Kommt mit passendem Kuvert in lila (15,5 x 15,5 cm) &hellip; <a href=\"https:\/\/www.regionalis.shop\/goina\/shop\/lets-party-grusskarte-mit-echtem-konfetti\/\">Continued<\/a><\/p>\n","protected":false},"featured_media":1083,"template":"","meta":{"_acf_changed":false},"product_brand":[],"product_cat":[134,62],"product_tag":[],"class_list":{"0":"post-1082","1":"product","2":"type-product","3":"status-publish","4":"has-post-thumbnail","6":"product_cat-geschenk-gruskarten","7":"product_cat-papeterie-schreibwaren","9":"first","10":"instock","11":"purchasable","12":"product-type-simple"},"acf":[],"_links":{"self":[{"href":"https:\/\/www.regionalis.shop\/goina\/wp-json\/wp\/v2\/product\/1082","targetHints":{"allow":["GET"]}}],"collection":[{"href":"https:\/\/www.regionalis.shop\/goina\/wp-json\/wp\/v2\/product"}],"about":[{"href":"https:\/\/www.regionalis.shop\/goina\/wp-json\/wp\/v2\/types\/product"}],"wp:featuredmedia":[{"embeddable":true,"href":"https:\/\/www.regionalis.shop\/goina\/wp-json\/wp\/v2\/media\/1083"}],"wp:attachment":[{"href":"https:\/\/www.regionalis.shop\/goina\/wp-json\/wp\/v2\/media?parent=1082"}],"wp:term":[{"taxonomy":"product_brand","embeddable":true,"href":"https:\/\/www.regionalis.shop\/goina\/wp-json\/wp\/v2\/product_brand?post=1082"},{"taxonomy":"product_cat","embeddable":true,"href":"https:\/\/www.regionalis.shop\/goina\/wp-json\/wp\/v2\/product_cat?post=1082"},{"taxonomy":"product_tag","embeddable":true,"href":"https:\/\/www.regionalis.shop\/goina\/wp-json\/wp\/v2\/product_tag?post=1082"}],"curies":[{"name":"wp","href":"https:\/\/api.w.org\/{rel}","templated":true}]}}