{"id":1085,"date":"2025-04-28T04:08:52","date_gmt":"2025-04-28T02:08:52","guid":{"rendered":"https:\/\/www.regionalis.shop\/goina\/product\/you-are-one-in-a-melon-handgemachte-grusskarte-mit-buegelperlen\/"},"modified":"2025-04-28T04:08:52","modified_gmt":"2025-04-28T02:08:52","slug":"you-are-one-in-a-melon-handgemachte-grusskarte-mit-buegelperlen","status":"publish","type":"product","link":"https:\/\/www.regionalis.shop\/goina\/shop\/you-are-one-in-a-melon-handgemachte-grusskarte-mit-buegelperlen\/","title":{"rendered":"YOU ARE ONE IN A MELON Handgemachte Gru\u00dfkarte mit B\u00fcgelperlen"},"content":{"rendered":"<p>Fruchtige Gr\u00fc\u00dfe f\u00fcr deine besten Freunde. Sag deinen Liebsten, wie besonders sie f\u00fcr dich sind. So jemanden findet man immerhin nicht jeden Tag.<\/p>\n<p>Mit Melone aus B\u00fcgelperlen.<\/p>\n<p>Gr\u00f6\u00dfe geschlossen: 14,8 x 14,8 cm<\/p>\n<p>Gr\u00f6\u00dfe offen: 29,6 x 14,8 cm<\/p>\n<p>Kommt nat\u00fcrlich mit gr\u00fcnem Kuvert (15,5 x 15,5 cm)<\/p>\n<p>Gedruckt auf feinem Papier von Munken mit einer Grammatur von 300<\/p>\n","protected":false},"excerpt":{"rendered":"<p>Fruchtige Gr\u00fc\u00dfe f\u00fcr deine besten Freunde. Sag deinen Liebsten, wie besonders sie f\u00fcr dich sind. So jemanden findet man immerhin nicht jeden Tag. Mit Melone aus B\u00fcgelperlen. Gr\u00f6\u00dfe geschlossen: 14,8 x 14,8 cm Gr\u00f6\u00dfe offen: 29,6 x 14,8 cm Kommt nat\u00fcrlich mit gr\u00fcnem Kuvert (15,5 x 15,5 cm) Gedruckt auf feinem Papier von Munken mit &hellip; <a href=\"https:\/\/www.regionalis.shop\/goina\/shop\/you-are-one-in-a-melon-handgemachte-grusskarte-mit-buegelperlen\/\">Continued<\/a><\/p>\n","protected":false},"featured_media":1086,"template":"","meta":{"_acf_changed":false},"product_brand":[],"product_cat":[134,62],"product_tag":[],"class_list":{"0":"post-1085","1":"product","2":"type-product","3":"status-publish","4":"has-post-thumbnail","6":"product_cat-geschenk-gruskarten","7":"product_cat-papeterie-schreibwaren","9":"first","10":"instock","11":"purchasable","12":"product-type-simple"},"acf":[],"_links":{"self":[{"href":"https:\/\/www.regionalis.shop\/goina\/wp-json\/wp\/v2\/product\/1085","targetHints":{"allow":["GET"]}}],"collection":[{"href":"https:\/\/www.regionalis.shop\/goina\/wp-json\/wp\/v2\/product"}],"about":[{"href":"https:\/\/www.regionalis.shop\/goina\/wp-json\/wp\/v2\/types\/product"}],"wp:featuredmedia":[{"embeddable":true,"href":"https:\/\/www.regionalis.shop\/goina\/wp-json\/wp\/v2\/media\/1086"}],"wp:attachment":[{"href":"https:\/\/www.regionalis.shop\/goina\/wp-json\/wp\/v2\/media?parent=1085"}],"wp:term":[{"taxonomy":"product_brand","embeddable":true,"href":"https:\/\/www.regionalis.shop\/goina\/wp-json\/wp\/v2\/product_brand?post=1085"},{"taxonomy":"product_cat","embeddable":true,"href":"https:\/\/www.regionalis.shop\/goina\/wp-json\/wp\/v2\/product_cat?post=1085"},{"taxonomy":"product_tag","embeddable":true,"href":"https:\/\/www.regionalis.shop\/goina\/wp-json\/wp\/v2\/product_tag?post=1085"}],"curies":[{"name":"wp","href":"https:\/\/api.w.org\/{rel}","templated":true}]}}