{"id":1088,"date":"2025-04-28T04:08:52","date_gmt":"2025-04-28T02:08:52","guid":{"rendered":"https:\/\/www.regionalis.shop\/goina\/product\/geburtstagskarte-flamingo-3d-grusskarte\/"},"modified":"2025-04-28T04:08:52","modified_gmt":"2025-04-28T02:08:52","slug":"geburtstagskarte-flamingo-3d-grusskarte","status":"publish","type":"product","link":"https:\/\/www.regionalis.shop\/goina\/shop\/geburtstagskarte-flamingo-3d-grusskarte\/","title":{"rendered":"Geburtstagskarte FLAMINGO 3D Gru\u00dfkarte"},"content":{"rendered":"<p>F\u00fcr alle Flamingo-Fans gibt\u2019s dieses Schmuckst\u00fcck. Passt zu jedem Anlass \u2013 Ob Geburtstag, Hochzeit oder als exotische Weihnachtsgr\u00fc\u00dfe.<\/p>\n<p>Mit einem pinken Wabenball. Einfach Streifen vom Klebeband abziehen, aufklappen und schon ist der Flamingo komplett.<\/p>\n<p>Gr\u00f6\u00dfe geschlossen: 14,8 x 14,8 cm<\/p>\n<p>Gr\u00f6\u00dfe offen: 29,6 x 14,8 cm<\/p>\n<p>Kommt mit passendem Kuvert in pink (15,5 x 15,5 cm)<\/p>\n<p>Gedruckt auf feinem Papier von Munken mit einer Grammatur von 300<\/p>\n","protected":false},"excerpt":{"rendered":"<p>F\u00fcr alle Flamingo-Fans gibt\u2019s dieses Schmuckst\u00fcck. Passt zu jedem Anlass \u2013 Ob Geburtstag, Hochzeit oder als exotische Weihnachtsgr\u00fc\u00dfe. Mit einem pinken Wabenball. Einfach Streifen vom Klebeband abziehen, aufklappen und schon ist der Flamingo komplett. Gr\u00f6\u00dfe geschlossen: 14,8 x 14,8 cm Gr\u00f6\u00dfe offen: 29,6 x 14,8 cm Kommt mit passendem Kuvert in pink (15,5 x 15,5 &hellip; <a href=\"https:\/\/www.regionalis.shop\/goina\/shop\/geburtstagskarte-flamingo-3d-grusskarte\/\">Continued<\/a><\/p>\n","protected":false},"featured_media":1089,"template":"","meta":{"_acf_changed":false},"product_brand":[],"product_cat":[134,62],"product_tag":[],"class_list":{"0":"post-1088","1":"product","2":"type-product","3":"status-publish","4":"has-post-thumbnail","6":"product_cat-geschenk-gruskarten","7":"product_cat-papeterie-schreibwaren","9":"first","10":"instock","11":"purchasable","12":"product-type-simple"},"acf":[],"_links":{"self":[{"href":"https:\/\/www.regionalis.shop\/goina\/wp-json\/wp\/v2\/product\/1088","targetHints":{"allow":["GET"]}}],"collection":[{"href":"https:\/\/www.regionalis.shop\/goina\/wp-json\/wp\/v2\/product"}],"about":[{"href":"https:\/\/www.regionalis.shop\/goina\/wp-json\/wp\/v2\/types\/product"}],"wp:featuredmedia":[{"embeddable":true,"href":"https:\/\/www.regionalis.shop\/goina\/wp-json\/wp\/v2\/media\/1089"}],"wp:attachment":[{"href":"https:\/\/www.regionalis.shop\/goina\/wp-json\/wp\/v2\/media?parent=1088"}],"wp:term":[{"taxonomy":"product_brand","embeddable":true,"href":"https:\/\/www.regionalis.shop\/goina\/wp-json\/wp\/v2\/product_brand?post=1088"},{"taxonomy":"product_cat","embeddable":true,"href":"https:\/\/www.regionalis.shop\/goina\/wp-json\/wp\/v2\/product_cat?post=1088"},{"taxonomy":"product_tag","embeddable":true,"href":"https:\/\/www.regionalis.shop\/goina\/wp-json\/wp\/v2\/product_tag?post=1088"}],"curies":[{"name":"wp","href":"https:\/\/api.w.org\/{rel}","templated":true}]}}