{"id":1095,"date":"2025-04-18T08:31:25","date_gmt":"2025-04-18T06:31:25","guid":{"rendered":"https:\/\/www.regionalis.shop\/goina\/product\/grusskarte-neujahr-viel-glueck-schwein-mit-knopf-als-nase\/"},"modified":"2025-04-18T08:31:25","modified_gmt":"2025-04-18T06:31:25","slug":"grusskarte-neujahr-viel-glueck-schwein-mit-knopf-als-nase","status":"publish","type":"product","link":"https:\/\/www.regionalis.shop\/goina\/shop\/grusskarte-neujahr-viel-glueck-schwein-mit-knopf-als-nase\/","title":{"rendered":"GRUSSKARTE Neujahr Viel Gl\u00fcck Schwein mit Knopf als Nase"},"content":{"rendered":"<p>Ob zu Jahreswechsel, zur bevorstehenden Pr\u00fcfung oder als Geburtstagsgru\u00df: W\u00fcnsch saum\u00e4\u00dfig viel Gl\u00fcck mit einem s\u00fc\u00dfen Schwein<\/p>\n<p>Mit rosarotem Knopf als R\u00fcssel<\/p>\n<p>Gr\u00f6\u00dfe geschlossen: 14,8 x 14,8 cm<\/p>\n<p>Gr\u00f6\u00dfe offen: 29,6 x 14,8 cm<\/p>\n<p>Kommt nat\u00fcrlich mit rosa Kuvert (15,5 x 15,5 cm)<\/p>\n<p>Gedruckt auf feinem Papier von Munken mit einer Grammatur von 300<\/p>\n","protected":false},"excerpt":{"rendered":"<p>Ob zu Jahreswechsel, zur bevorstehenden Pr\u00fcfung oder als Geburtstagsgru\u00df: W\u00fcnsch saum\u00e4\u00dfig viel Gl\u00fcck mit einem s\u00fc\u00dfen Schwein Mit rosarotem Knopf als R\u00fcssel Gr\u00f6\u00dfe geschlossen: 14,8 x 14,8 cm Gr\u00f6\u00dfe offen: 29,6 x 14,8 cm Kommt nat\u00fcrlich mit rosa Kuvert (15,5 x 15,5 cm) Gedruckt auf feinem Papier von Munken mit einer Grammatur von 300<\/p>\n","protected":false},"featured_media":1096,"template":"","meta":{"_acf_changed":false},"product_brand":[],"product_cat":[62,101],"product_tag":[],"class_list":{"0":"post-1095","1":"product","2":"type-product","3":"status-publish","4":"has-post-thumbnail","6":"product_cat-papeterie-schreibwaren","7":"product_cat-weihnachtskarten","9":"first","10":"instock","11":"purchasable","12":"product-type-simple"},"acf":[],"_links":{"self":[{"href":"https:\/\/www.regionalis.shop\/goina\/wp-json\/wp\/v2\/product\/1095","targetHints":{"allow":["GET"]}}],"collection":[{"href":"https:\/\/www.regionalis.shop\/goina\/wp-json\/wp\/v2\/product"}],"about":[{"href":"https:\/\/www.regionalis.shop\/goina\/wp-json\/wp\/v2\/types\/product"}],"wp:featuredmedia":[{"embeddable":true,"href":"https:\/\/www.regionalis.shop\/goina\/wp-json\/wp\/v2\/media\/1096"}],"wp:attachment":[{"href":"https:\/\/www.regionalis.shop\/goina\/wp-json\/wp\/v2\/media?parent=1095"}],"wp:term":[{"taxonomy":"product_brand","embeddable":true,"href":"https:\/\/www.regionalis.shop\/goina\/wp-json\/wp\/v2\/product_brand?post=1095"},{"taxonomy":"product_cat","embeddable":true,"href":"https:\/\/www.regionalis.shop\/goina\/wp-json\/wp\/v2\/product_cat?post=1095"},{"taxonomy":"product_tag","embeddable":true,"href":"https:\/\/www.regionalis.shop\/goina\/wp-json\/wp\/v2\/product_tag?post=1095"}],"curies":[{"name":"wp","href":"https:\/\/api.w.org\/{rel}","templated":true}]}}