{"id":1099,"date":"2025-04-18T08:31:25","date_gmt":"2025-04-18T06:31:25","guid":{"rendered":"https:\/\/www.regionalis.shop\/goina\/product\/christbaum-weihnachtskarte-mit-christbaumkugeln-aus-pompoms\/"},"modified":"2025-04-18T08:31:25","modified_gmt":"2025-04-18T06:31:25","slug":"christbaum-weihnachtskarte-mit-christbaumkugeln-aus-pompoms","status":"publish","type":"product","link":"https:\/\/www.regionalis.shop\/goina\/shop\/christbaum-weihnachtskarte-mit-christbaumkugeln-aus-pompoms\/","title":{"rendered":"CHRISTBAUM Weihnachtskarte mit Christbaumkugeln aus Pompoms"},"content":{"rendered":"<p>Eines ist klar: Ohne Christbaum gibts kein Weihnachtsfest.<\/p>\n<p>Diese Karte kommt ohne Text aus. So kann sie nach dem Verschenken eingerahmt als Weihnachtsdeko verwendet werden.<\/p>\n<p>Print mit Christbaumkugeln aus Pom-poms.<\/p>\n<p>Gr\u00f6\u00dfe 14,8 x 14,8 cm<\/p>\n<p>Kommt mit passendem dunkelgr\u00fcnem oder pinken Kuvert (15,5 x 15,5 cm)<\/p>\n<p>Gefertigt aus feinem Papier von Munken mit einer Grammatur von 300<\/p>\n","protected":false},"excerpt":{"rendered":"<p>Eines ist klar: Ohne Christbaum gibts kein Weihnachtsfest. Diese Karte kommt ohne Text aus. So kann sie nach dem Verschenken eingerahmt als Weihnachtsdeko verwendet werden. Print mit Christbaumkugeln aus Pom-poms. Gr\u00f6\u00dfe 14,8 x 14,8 cm Kommt mit passendem dunkelgr\u00fcnem oder pinken Kuvert (15,5 x 15,5 cm) Gefertigt aus feinem Papier von Munken mit einer Grammatur &hellip; <a href=\"https:\/\/www.regionalis.shop\/goina\/shop\/christbaum-weihnachtskarte-mit-christbaumkugeln-aus-pompoms\/\">Continued<\/a><\/p>\n","protected":false},"featured_media":1100,"template":"","meta":{"_acf_changed":false},"product_brand":[],"product_cat":[62,101],"product_tag":[],"class_list":{"0":"post-1099","1":"product","2":"type-product","3":"status-publish","4":"has-post-thumbnail","6":"product_cat-papeterie-schreibwaren","7":"product_cat-weihnachtskarten","9":"first","10":"instock","11":"purchasable","12":"product-type-simple"},"acf":[],"_links":{"self":[{"href":"https:\/\/www.regionalis.shop\/goina\/wp-json\/wp\/v2\/product\/1099","targetHints":{"allow":["GET"]}}],"collection":[{"href":"https:\/\/www.regionalis.shop\/goina\/wp-json\/wp\/v2\/product"}],"about":[{"href":"https:\/\/www.regionalis.shop\/goina\/wp-json\/wp\/v2\/types\/product"}],"wp:featuredmedia":[{"embeddable":true,"href":"https:\/\/www.regionalis.shop\/goina\/wp-json\/wp\/v2\/media\/1100"}],"wp:attachment":[{"href":"https:\/\/www.regionalis.shop\/goina\/wp-json\/wp\/v2\/media?parent=1099"}],"wp:term":[{"taxonomy":"product_brand","embeddable":true,"href":"https:\/\/www.regionalis.shop\/goina\/wp-json\/wp\/v2\/product_brand?post=1099"},{"taxonomy":"product_cat","embeddable":true,"href":"https:\/\/www.regionalis.shop\/goina\/wp-json\/wp\/v2\/product_cat?post=1099"},{"taxonomy":"product_tag","embeddable":true,"href":"https:\/\/www.regionalis.shop\/goina\/wp-json\/wp\/v2\/product_tag?post=1099"}],"curies":[{"name":"wp","href":"https:\/\/api.w.org\/{rel}","templated":true}]}}