{"id":1102,"date":"2025-04-18T04:07:53","date_gmt":"2025-04-18T02:07:53","guid":{"rendered":"https:\/\/www.regionalis.shop\/goina\/product\/oachkatzl-eichhoernchen-handgemachte-weihnachtskarte-mit-pluesch\/"},"modified":"2025-04-18T04:07:53","modified_gmt":"2025-04-18T02:07:53","slug":"oachkatzl-eichhoernchen-handgemachte-weihnachtskarte-mit-pluesch","status":"publish","type":"product","link":"https:\/\/www.regionalis.shop\/goina\/shop\/oachkatzl-eichhoernchen-handgemachte-weihnachtskarte-mit-pluesch\/","title":{"rendered":"OACHKATZL (EICHH\u00d6RNCHEN)  handgemachte Weihnachtskarte mit Pl\u00fcsch"},"content":{"rendered":"<p>Sag mal \u201eOachkatzlschwoaf\u201c! Klingt komisch, ist aber daf\u00fcr um so flauschiger.<\/p>\n<p>Ohne Text &#8211; kann daher eingerahmt und als winterliche Versch\u00f6nerung f\u00fcrs Zuhause verwendet werden.<\/p>\n<p>Gr\u00f6\u00dfe geschlossen: 14,8 x 14,8 cm<\/p>\n<p>Gr\u00f6\u00dfe offen: 29,6 x 14,8 cm<\/p>\n<p>Kommt nat\u00fcrlich mit orangem Kuvert (15,5 x 15,5 cm)<\/p>\n<p>Gedruckt auf feinem Papier von Munken mit einer Grammatur von 300<\/p>\n","protected":false},"excerpt":{"rendered":"<p>Sag mal \u201eOachkatzlschwoaf\u201c! Klingt komisch, ist aber daf\u00fcr um so flauschiger. Ohne Text &#8211; kann daher eingerahmt und als winterliche Versch\u00f6nerung f\u00fcrs Zuhause verwendet werden. Gr\u00f6\u00dfe geschlossen: 14,8 x 14,8 cm Gr\u00f6\u00dfe offen: 29,6 x 14,8 cm Kommt nat\u00fcrlich mit orangem Kuvert (15,5 x 15,5 cm) Gedruckt auf feinem Papier von Munken mit einer Grammatur &hellip; <a href=\"https:\/\/www.regionalis.shop\/goina\/shop\/oachkatzl-eichhoernchen-handgemachte-weihnachtskarte-mit-pluesch\/\">Continued<\/a><\/p>\n","protected":false},"featured_media":1103,"template":"","meta":{"_acf_changed":false},"product_brand":[],"product_cat":[134,62],"product_tag":[],"class_list":{"0":"post-1102","1":"product","2":"type-product","3":"status-publish","4":"has-post-thumbnail","6":"product_cat-geschenk-gruskarten","7":"product_cat-papeterie-schreibwaren","9":"first","10":"instock","11":"purchasable","12":"product-type-simple"},"acf":[],"_links":{"self":[{"href":"https:\/\/www.regionalis.shop\/goina\/wp-json\/wp\/v2\/product\/1102","targetHints":{"allow":["GET"]}}],"collection":[{"href":"https:\/\/www.regionalis.shop\/goina\/wp-json\/wp\/v2\/product"}],"about":[{"href":"https:\/\/www.regionalis.shop\/goina\/wp-json\/wp\/v2\/types\/product"}],"wp:featuredmedia":[{"embeddable":true,"href":"https:\/\/www.regionalis.shop\/goina\/wp-json\/wp\/v2\/media\/1103"}],"wp:attachment":[{"href":"https:\/\/www.regionalis.shop\/goina\/wp-json\/wp\/v2\/media?parent=1102"}],"wp:term":[{"taxonomy":"product_brand","embeddable":true,"href":"https:\/\/www.regionalis.shop\/goina\/wp-json\/wp\/v2\/product_brand?post=1102"},{"taxonomy":"product_cat","embeddable":true,"href":"https:\/\/www.regionalis.shop\/goina\/wp-json\/wp\/v2\/product_cat?post=1102"},{"taxonomy":"product_tag","embeddable":true,"href":"https:\/\/www.regionalis.shop\/goina\/wp-json\/wp\/v2\/product_tag?post=1102"}],"curies":[{"name":"wp","href":"https:\/\/api.w.org\/{rel}","templated":true}]}}