{"id":1107,"date":"2025-04-18T02:57:17","date_gmt":"2025-04-18T00:57:17","guid":{"rendered":"https:\/\/www.regionalis.shop\/goina\/product\/eggcellent-handgemachte-3d-grusskarte\/"},"modified":"2025-04-18T02:57:17","modified_gmt":"2025-04-18T00:57:17","slug":"eggcellent-handgemachte-3d-grusskarte","status":"publish","type":"product","link":"https:\/\/www.regionalis.shop\/goina\/shop\/eggcellent-handgemachte-3d-grusskarte\/","title":{"rendered":"EGGCELLENT handgemachte 3D Gru\u00dfkarte"},"content":{"rendered":"<p>Ei, ei, ei! Eine witzige Gru\u00dfkarte mit einem Spiegelei die f\u00fcr viele Anl\u00e4sse passt.<\/p>\n<p>Mit Dotter aus echtem Holz<\/p>\n<p>Gr\u00f6\u00dfe geschlossen: 14,8 x 14,8 cm<\/p>\n<p>Gr\u00f6\u00dfe offen: 29,6 x 14,8 cm<\/p>\n<p>Kommt mit passendem Kuvert in gelb (15,5 x 15,5 cm)<\/p>\n<p>Gedruckt auf feinem Papier von Munken mit einer Grammatur von 300<\/p>\n","protected":false},"excerpt":{"rendered":"<p>Ei, ei, ei! Eine witzige Gru\u00dfkarte mit einem Spiegelei die f\u00fcr viele Anl\u00e4sse passt. Mit Dotter aus echtem Holz Gr\u00f6\u00dfe geschlossen: 14,8 x 14,8 cm Gr\u00f6\u00dfe offen: 29,6 x 14,8 cm Kommt mit passendem Kuvert in gelb (15,5 x 15,5 cm) Gedruckt auf feinem Papier von Munken mit einer Grammatur von 300<\/p>\n","protected":false},"featured_media":1108,"template":"","meta":{"_acf_changed":false},"product_brand":[],"product_cat":[134,62],"product_tag":[],"class_list":{"0":"post-1107","1":"product","2":"type-product","3":"status-publish","4":"has-post-thumbnail","6":"product_cat-geschenk-gruskarten","7":"product_cat-papeterie-schreibwaren","9":"first","10":"instock","11":"purchasable","12":"product-type-simple"},"acf":[],"_links":{"self":[{"href":"https:\/\/www.regionalis.shop\/goina\/wp-json\/wp\/v2\/product\/1107","targetHints":{"allow":["GET"]}}],"collection":[{"href":"https:\/\/www.regionalis.shop\/goina\/wp-json\/wp\/v2\/product"}],"about":[{"href":"https:\/\/www.regionalis.shop\/goina\/wp-json\/wp\/v2\/types\/product"}],"wp:featuredmedia":[{"embeddable":true,"href":"https:\/\/www.regionalis.shop\/goina\/wp-json\/wp\/v2\/media\/1108"}],"wp:attachment":[{"href":"https:\/\/www.regionalis.shop\/goina\/wp-json\/wp\/v2\/media?parent=1107"}],"wp:term":[{"taxonomy":"product_brand","embeddable":true,"href":"https:\/\/www.regionalis.shop\/goina\/wp-json\/wp\/v2\/product_brand?post=1107"},{"taxonomy":"product_cat","embeddable":true,"href":"https:\/\/www.regionalis.shop\/goina\/wp-json\/wp\/v2\/product_cat?post=1107"},{"taxonomy":"product_tag","embeddable":true,"href":"https:\/\/www.regionalis.shop\/goina\/wp-json\/wp\/v2\/product_tag?post=1107"}],"curies":[{"name":"wp","href":"https:\/\/api.w.org\/{rel}","templated":true}]}}