{"id":1111,"date":"2025-04-18T02:57:17","date_gmt":"2025-04-18T00:57:17","guid":{"rendered":"https:\/\/www.regionalis.shop\/goina\/product\/happy-birdday-handgemachte-grusskarte-mit-buegelperlen\/"},"modified":"2025-04-18T02:57:17","modified_gmt":"2025-04-18T00:57:17","slug":"happy-birdday-handgemachte-grusskarte-mit-buegelperlen","status":"publish","type":"product","link":"https:\/\/www.regionalis.shop\/goina\/shop\/happy-birdday-handgemachte-grusskarte-mit-buegelperlen\/","title":{"rendered":"HAPPY BIRDDAY handgemachte Gru\u00dfkarte mit B\u00fcgelperlen"},"content":{"rendered":"<p>Bird, bird, bird is the word! Dieser bunte Papagei \u00fcbermittelt dem Geburtstagskind exotische Gr\u00fc\u00dfe.<\/p>\n<p>Mit einem Papagei aus B\u00fcgelperlen.<\/p>\n<p>Gr\u00f6\u00dfe geschlossen: 14,8 x 14,8 cm<\/p>\n<p>Gr\u00f6\u00dfe offen: 29,6 x 14,8 cm<\/p>\n<p>Kommt mit passendem Kuvert in rot (15,5 x 15,5 cm)<\/p>\n<p>Gedruckt auf feinem Papier von Munken mit einer Grammatur von 300<\/p>\n","protected":false},"excerpt":{"rendered":"<p>Bird, bird, bird is the word! Dieser bunte Papagei \u00fcbermittelt dem Geburtstagskind exotische Gr\u00fc\u00dfe. Mit einem Papagei aus B\u00fcgelperlen. Gr\u00f6\u00dfe geschlossen: 14,8 x 14,8 cm Gr\u00f6\u00dfe offen: 29,6 x 14,8 cm Kommt mit passendem Kuvert in rot (15,5 x 15,5 cm) Gedruckt auf feinem Papier von Munken mit einer Grammatur von 300<\/p>\n","protected":false},"featured_media":1112,"template":"","meta":{"_acf_changed":false},"product_brand":[],"product_cat":[134,62],"product_tag":[],"class_list":{"0":"post-1111","1":"product","2":"type-product","3":"status-publish","4":"has-post-thumbnail","6":"product_cat-geschenk-gruskarten","7":"product_cat-papeterie-schreibwaren","9":"first","10":"instock","11":"purchasable","12":"product-type-simple"},"acf":[],"_links":{"self":[{"href":"https:\/\/www.regionalis.shop\/goina\/wp-json\/wp\/v2\/product\/1111","targetHints":{"allow":["GET"]}}],"collection":[{"href":"https:\/\/www.regionalis.shop\/goina\/wp-json\/wp\/v2\/product"}],"about":[{"href":"https:\/\/www.regionalis.shop\/goina\/wp-json\/wp\/v2\/types\/product"}],"wp:featuredmedia":[{"embeddable":true,"href":"https:\/\/www.regionalis.shop\/goina\/wp-json\/wp\/v2\/media\/1112"}],"wp:attachment":[{"href":"https:\/\/www.regionalis.shop\/goina\/wp-json\/wp\/v2\/media?parent=1111"}],"wp:term":[{"taxonomy":"product_brand","embeddable":true,"href":"https:\/\/www.regionalis.shop\/goina\/wp-json\/wp\/v2\/product_brand?post=1111"},{"taxonomy":"product_cat","embeddable":true,"href":"https:\/\/www.regionalis.shop\/goina\/wp-json\/wp\/v2\/product_cat?post=1111"},{"taxonomy":"product_tag","embeddable":true,"href":"https:\/\/www.regionalis.shop\/goina\/wp-json\/wp\/v2\/product_tag?post=1111"}],"curies":[{"name":"wp","href":"https:\/\/api.w.org\/{rel}","templated":true}]}}