{"id":1113,"date":"2025-04-17T23:32:39","date_gmt":"2025-04-17T21:32:39","guid":{"rendered":"https:\/\/www.regionalis.shop\/goina\/product\/winter-is-coming-weihnachtskarte\/"},"modified":"2025-04-17T23:32:39","modified_gmt":"2025-04-17T21:32:39","slug":"winter-is-coming-weihnachtskarte","status":"publish","type":"product","link":"https:\/\/www.regionalis.shop\/goina\/shop\/winter-is-coming-weihnachtskarte\/","title":{"rendered":"WINTER IS COMING Weihnachtskarte"},"content":{"rendered":"<p>Brace yourself! Der Winter steht vor der T\u00fcre, und er wird h\u00e4rter denn je. F\u00fcr Fangirls und -boys von Game of Thornes findet man bestimmt keine besseren Weihnachtsgr\u00fc\u00dfe. P.S.: John Snow hat sie bereits einige male verschenkt<\/p>\n<p>Weihnachtskarte mit verschiedenfarbigen Schneeflocken aus Papier.<\/p>\n<p>Gr\u00f6\u00dfe geschlossen: 14,8 x 14,8 cm<\/p>\n<p>Gr\u00f6\u00dfe offen: 29,6 x 14,8 cm<\/p>\n<p>Kommt mit passendem Kuvert in hellblau (15,5 x 15,5 cm)<\/p>\n<p>Gedruckt auf feinem Papier von Munken mit einer Grammatur von 300<\/p>\n","protected":false},"excerpt":{"rendered":"<p>Brace yourself! Der Winter steht vor der T\u00fcre, und er wird h\u00e4rter denn je. F\u00fcr Fangirls und -boys von Game of Thornes findet man bestimmt keine besseren Weihnachtsgr\u00fc\u00dfe. P.S.: John Snow hat sie bereits einige male verschenkt Weihnachtskarte mit verschiedenfarbigen Schneeflocken aus Papier. Gr\u00f6\u00dfe geschlossen: 14,8 x 14,8 cm Gr\u00f6\u00dfe offen: 29,6 x 14,8 cm &hellip; <a href=\"https:\/\/www.regionalis.shop\/goina\/shop\/winter-is-coming-weihnachtskarte\/\">Continued<\/a><\/p>\n","protected":false},"featured_media":1114,"template":"","meta":{"_acf_changed":false},"product_brand":[],"product_cat":[62,101],"product_tag":[],"class_list":{"0":"post-1113","1":"product","2":"type-product","3":"status-publish","4":"has-post-thumbnail","6":"product_cat-papeterie-schreibwaren","7":"product_cat-weihnachtskarten","9":"first","10":"instock","11":"purchasable","12":"product-type-simple"},"acf":[],"_links":{"self":[{"href":"https:\/\/www.regionalis.shop\/goina\/wp-json\/wp\/v2\/product\/1113","targetHints":{"allow":["GET"]}}],"collection":[{"href":"https:\/\/www.regionalis.shop\/goina\/wp-json\/wp\/v2\/product"}],"about":[{"href":"https:\/\/www.regionalis.shop\/goina\/wp-json\/wp\/v2\/types\/product"}],"wp:featuredmedia":[{"embeddable":true,"href":"https:\/\/www.regionalis.shop\/goina\/wp-json\/wp\/v2\/media\/1114"}],"wp:attachment":[{"href":"https:\/\/www.regionalis.shop\/goina\/wp-json\/wp\/v2\/media?parent=1113"}],"wp:term":[{"taxonomy":"product_brand","embeddable":true,"href":"https:\/\/www.regionalis.shop\/goina\/wp-json\/wp\/v2\/product_brand?post=1113"},{"taxonomy":"product_cat","embeddable":true,"href":"https:\/\/www.regionalis.shop\/goina\/wp-json\/wp\/v2\/product_cat?post=1113"},{"taxonomy":"product_tag","embeddable":true,"href":"https:\/\/www.regionalis.shop\/goina\/wp-json\/wp\/v2\/product_tag?post=1113"}],"curies":[{"name":"wp","href":"https:\/\/api.w.org\/{rel}","templated":true}]}}