{"id":1119,"date":"2025-04-17T23:31:45","date_gmt":"2025-04-17T21:31:45","guid":{"rendered":"https:\/\/www.regionalis.shop\/goina\/product\/lets-get-baked-weihnachtskarte-mit-lebkuchenmann\/"},"modified":"2025-04-17T23:31:45","modified_gmt":"2025-04-17T21:31:45","slug":"lets-get-baked-weihnachtskarte-mit-lebkuchenmann","status":"publish","type":"product","link":"https:\/\/www.regionalis.shop\/goina\/shop\/lets-get-baked-weihnachtskarte-mit-lebkuchenmann\/","title":{"rendered":"LET\u00b4S GET BAKED Weihnachtskarte mit Lebkuchenmann"},"content":{"rendered":"<p>Dieser unartige Lebkuchenmann wei\u00df, wie man Weihnachten richtig feiert. Frisch gebacken wirds dieses Jahr besonders gem\u00fctlich unterm Christbaum.<\/p>\n<p>Lustige Weihnachtskarte mit Kn\u00f6pfen aus Pompoms und 3D-Zuckerguss.<\/p>\n<p>Gr\u00f6\u00dfe geschlossen: 14,8 x 14,8 cm<\/p>\n<p>Gr\u00f6\u00dfe offen: 29,6 x 14,8 cm<\/p>\n<p>Kommt mit passendem Kuvert in dunkelgr\u00fcn (15,5 x 15,5 cm)<\/p>\n<p>Gedruckt auf feinem Papier von Munken mit einer Grammatur von 300<\/p>\n","protected":false},"excerpt":{"rendered":"<p>Dieser unartige Lebkuchenmann wei\u00df, wie man Weihnachten richtig feiert. Frisch gebacken wirds dieses Jahr besonders gem\u00fctlich unterm Christbaum. Lustige Weihnachtskarte mit Kn\u00f6pfen aus Pompoms und 3D-Zuckerguss. Gr\u00f6\u00dfe geschlossen: 14,8 x 14,8 cm Gr\u00f6\u00dfe offen: 29,6 x 14,8 cm Kommt mit passendem Kuvert in dunkelgr\u00fcn (15,5 x 15,5 cm) Gedruckt auf feinem Papier von Munken mit &hellip; <a href=\"https:\/\/www.regionalis.shop\/goina\/shop\/lets-get-baked-weihnachtskarte-mit-lebkuchenmann\/\">Continued<\/a><\/p>\n","protected":false},"featured_media":1120,"template":"","meta":{"_acf_changed":false},"product_brand":[],"product_cat":[62,101],"product_tag":[],"class_list":{"0":"post-1119","1":"product","2":"type-product","3":"status-publish","4":"has-post-thumbnail","6":"product_cat-papeterie-schreibwaren","7":"product_cat-weihnachtskarten","9":"first","10":"instock","11":"purchasable","12":"product-type-simple"},"acf":[],"_links":{"self":[{"href":"https:\/\/www.regionalis.shop\/goina\/wp-json\/wp\/v2\/product\/1119","targetHints":{"allow":["GET"]}}],"collection":[{"href":"https:\/\/www.regionalis.shop\/goina\/wp-json\/wp\/v2\/product"}],"about":[{"href":"https:\/\/www.regionalis.shop\/goina\/wp-json\/wp\/v2\/types\/product"}],"wp:featuredmedia":[{"embeddable":true,"href":"https:\/\/www.regionalis.shop\/goina\/wp-json\/wp\/v2\/media\/1120"}],"wp:attachment":[{"href":"https:\/\/www.regionalis.shop\/goina\/wp-json\/wp\/v2\/media?parent=1119"}],"wp:term":[{"taxonomy":"product_brand","embeddable":true,"href":"https:\/\/www.regionalis.shop\/goina\/wp-json\/wp\/v2\/product_brand?post=1119"},{"taxonomy":"product_cat","embeddable":true,"href":"https:\/\/www.regionalis.shop\/goina\/wp-json\/wp\/v2\/product_cat?post=1119"},{"taxonomy":"product_tag","embeddable":true,"href":"https:\/\/www.regionalis.shop\/goina\/wp-json\/wp\/v2\/product_tag?post=1119"}],"curies":[{"name":"wp","href":"https:\/\/api.w.org\/{rel}","templated":true}]}}