{"id":1125,"date":"2025-04-17T23:31:45","date_gmt":"2025-04-17T21:31:45","guid":{"rendered":"https:\/\/www.regionalis.shop\/goina\/product\/karte-mistelzweig-mit-textilen-mistelbeeren\/"},"modified":"2025-04-17T23:31:45","modified_gmt":"2025-04-17T21:31:45","slug":"karte-mistelzweig-mit-textilen-mistelbeeren","status":"publish","type":"product","link":"https:\/\/www.regionalis.shop\/goina\/shop\/karte-mistelzweig-mit-textilen-mistelbeeren\/","title":{"rendered":"KARTE Mistelzweig mit textilen Mistelbeeren"},"content":{"rendered":"<p>Fast schon klassisch, aber eben nicht ganz. Die roten Beeren aus flauschigen Pompoms machen diese Karte doch wieder speziell<\/p>\n<p>Weihnachtskarte mit Beeren aus Pompoms.<\/p>\n<p>Gr\u00f6\u00dfe geschlossen: 14,8 x 14,8 cm<\/p>\n<p>Gr\u00f6\u00dfe offen: 29,6 x 14,8 cm<\/p>\n<p>Kommt mit passendem Kuvert in dunkelrot (15,5 x 15,5 cm)<\/p>\n<p>Gedruckt auf feinem Papier von Munken mit einer Grammatur von 300<\/p>\n","protected":false},"excerpt":{"rendered":"<p>Fast schon klassisch, aber eben nicht ganz. Die roten Beeren aus flauschigen Pompoms machen diese Karte doch wieder speziell Weihnachtskarte mit Beeren aus Pompoms. Gr\u00f6\u00dfe geschlossen: 14,8 x 14,8 cm Gr\u00f6\u00dfe offen: 29,6 x 14,8 cm Kommt mit passendem Kuvert in dunkelrot (15,5 x 15,5 cm) Gedruckt auf feinem Papier von Munken mit einer Grammatur &hellip; <a href=\"https:\/\/www.regionalis.shop\/goina\/shop\/karte-mistelzweig-mit-textilen-mistelbeeren\/\">Continued<\/a><\/p>\n","protected":false},"featured_media":1126,"template":"","meta":{"_acf_changed":false},"product_brand":[],"product_cat":[62,101],"product_tag":[],"class_list":{"0":"post-1125","1":"product","2":"type-product","3":"status-publish","4":"has-post-thumbnail","6":"product_cat-papeterie-schreibwaren","7":"product_cat-weihnachtskarten","9":"first","10":"instock","11":"purchasable","12":"product-type-simple"},"acf":[],"_links":{"self":[{"href":"https:\/\/www.regionalis.shop\/goina\/wp-json\/wp\/v2\/product\/1125","targetHints":{"allow":["GET"]}}],"collection":[{"href":"https:\/\/www.regionalis.shop\/goina\/wp-json\/wp\/v2\/product"}],"about":[{"href":"https:\/\/www.regionalis.shop\/goina\/wp-json\/wp\/v2\/types\/product"}],"wp:featuredmedia":[{"embeddable":true,"href":"https:\/\/www.regionalis.shop\/goina\/wp-json\/wp\/v2\/media\/1126"}],"wp:attachment":[{"href":"https:\/\/www.regionalis.shop\/goina\/wp-json\/wp\/v2\/media?parent=1125"}],"wp:term":[{"taxonomy":"product_brand","embeddable":true,"href":"https:\/\/www.regionalis.shop\/goina\/wp-json\/wp\/v2\/product_brand?post=1125"},{"taxonomy":"product_cat","embeddable":true,"href":"https:\/\/www.regionalis.shop\/goina\/wp-json\/wp\/v2\/product_cat?post=1125"},{"taxonomy":"product_tag","embeddable":true,"href":"https:\/\/www.regionalis.shop\/goina\/wp-json\/wp\/v2\/product_tag?post=1125"}],"curies":[{"name":"wp","href":"https:\/\/api.w.org\/{rel}","templated":true}]}}