{"id":1128,"date":"2025-04-17T23:31:45","date_gmt":"2025-04-17T21:31:45","guid":{"rendered":"https:\/\/www.regionalis.shop\/goina\/product\/jingle-all-the-way-weihnachtskarte-mit-echten-gloeckchen\/"},"modified":"2025-04-17T23:31:45","modified_gmt":"2025-04-17T21:31:45","slug":"jingle-all-the-way-weihnachtskarte-mit-echten-gloeckchen","status":"publish","type":"product","link":"https:\/\/www.regionalis.shop\/goina\/shop\/jingle-all-the-way-weihnachtskarte-mit-echten-gloeckchen\/","title":{"rendered":"JINGLE ALL THE WAY Weihnachtskarte mit echten Gl\u00f6ckchen"},"content":{"rendered":"<p>Inspiriert vom beliebten Weihnachtslied \u201eJingle Bells\u201c gibt es dieses neue Design.<br \/>\nWer Gold mag wird diese Karte lieben!<\/p>\n<p>Weihnachtskarte mit goldener Hei\u00dffolienpr\u00e4gung und zwei weihnachtlich klingelnden Gl\u00f6ckchen.<br \/>\nGr\u00f6\u00dfe geschlossen: 14,8 x 14,8 cm<\/p>\n<p>Gr\u00f6\u00dfe offen: 29,6 x 14,8 cm<\/p>\n<p>Kommt mit passendem Kuvert in gold (15,5 x 15,5 cm)<\/p>\n<p>Gedruckt auf feinem Papier von Munken mit einer Grammatur von 300<\/p>\n","protected":false},"excerpt":{"rendered":"<p>Inspiriert vom beliebten Weihnachtslied \u201eJingle Bells\u201c gibt es dieses neue Design. Wer Gold mag wird diese Karte lieben! Weihnachtskarte mit goldener Hei\u00dffolienpr\u00e4gung und zwei weihnachtlich klingelnden Gl\u00f6ckchen. Gr\u00f6\u00dfe geschlossen: 14,8 x 14,8 cm Gr\u00f6\u00dfe offen: 29,6 x 14,8 cm Kommt mit passendem Kuvert in gold (15,5 x 15,5 cm) Gedruckt auf feinem Papier von Munken &hellip; <a href=\"https:\/\/www.regionalis.shop\/goina\/shop\/jingle-all-the-way-weihnachtskarte-mit-echten-gloeckchen\/\">Continued<\/a><\/p>\n","protected":false},"featured_media":1129,"template":"","meta":{"_acf_changed":false},"product_brand":[],"product_cat":[62,101],"product_tag":[],"class_list":{"0":"post-1128","1":"product","2":"type-product","3":"status-publish","4":"has-post-thumbnail","6":"product_cat-papeterie-schreibwaren","7":"product_cat-weihnachtskarten","9":"first","10":"instock","11":"purchasable","12":"product-type-simple"},"acf":[],"_links":{"self":[{"href":"https:\/\/www.regionalis.shop\/goina\/wp-json\/wp\/v2\/product\/1128","targetHints":{"allow":["GET"]}}],"collection":[{"href":"https:\/\/www.regionalis.shop\/goina\/wp-json\/wp\/v2\/product"}],"about":[{"href":"https:\/\/www.regionalis.shop\/goina\/wp-json\/wp\/v2\/types\/product"}],"wp:featuredmedia":[{"embeddable":true,"href":"https:\/\/www.regionalis.shop\/goina\/wp-json\/wp\/v2\/media\/1129"}],"wp:attachment":[{"href":"https:\/\/www.regionalis.shop\/goina\/wp-json\/wp\/v2\/media?parent=1128"}],"wp:term":[{"taxonomy":"product_brand","embeddable":true,"href":"https:\/\/www.regionalis.shop\/goina\/wp-json\/wp\/v2\/product_brand?post=1128"},{"taxonomy":"product_cat","embeddable":true,"href":"https:\/\/www.regionalis.shop\/goina\/wp-json\/wp\/v2\/product_cat?post=1128"},{"taxonomy":"product_tag","embeddable":true,"href":"https:\/\/www.regionalis.shop\/goina\/wp-json\/wp\/v2\/product_tag?post=1128"}],"curies":[{"name":"wp","href":"https:\/\/api.w.org\/{rel}","templated":true}]}}