{"id":1062,"date":"2025-04-18T12:07:02","date_gmt":"2025-04-18T10:07:02","guid":{"rendered":"https:\/\/www.regionalis.shop\/goldschatz\/product\/mini-buch-huelle-reh\/"},"modified":"2025-04-18T12:07:02","modified_gmt":"2025-04-18T10:07:02","slug":"mini-buch-huelle-reh","status":"publish","type":"product","link":"https:\/\/www.regionalis.shop\/goldschatz\/shop\/mini-buch-huelle-reh\/","title":{"rendered":"Mini-Buch-H\u00fclle Reh"},"content":{"rendered":"<p>Endlich fliegen die B\u00fccher nicht mehr lose in der Handtasche herum. Auch die Kinder haben eine Freude immer wieder ein neues Buch aus der H\u00fclle zu nehmen und zu entdecken. Auch ein super Mitbringsel f\u00fcr Einladungen.<\/p>\n<p>Jedes St\u00fcck ist ein Unikat, da der Stoffausschnitt bei jeder H\u00fclle einzigartig ist.<\/p>\n<p>Die Mini-Buch-H\u00fclle ist individualisierbar mit z.B. dem Namen. Bitte bei der Bestellung den Wunsch angeben.<\/p>\n","protected":false},"excerpt":{"rendered":"<p>Endlich fliegen die B\u00fccher nicht mehr lose in der Handtasche herum. Auch die Kinder haben eine Freude immer wieder ein neues Buch aus der H\u00fclle zu nehmen und zu entdecken. Auch ein super Mitbringsel f\u00fcr Einladungen. Jedes St\u00fcck ist ein Unikat, da der Stoffausschnitt bei jeder H\u00fclle einzigartig ist. Die Mini-Buch-H\u00fclle ist individualisierbar mit z.B. &hellip; <a href=\"https:\/\/www.regionalis.shop\/goldschatz\/shop\/mini-buch-huelle-reh\/\">Continued<\/a><\/p>\n","protected":false},"featured_media":1063,"template":"","meta":{"_acf_changed":false},"product_brand":[],"product_cat":[38,98],"product_tag":[],"class_list":{"0":"post-1062","1":"product","2":"type-product","3":"status-publish","4":"has-post-thumbnail","6":"product_cat-baby-kinder","7":"product_cat-textilien","9":"first","10":"instock","11":"purchasable","12":"product-type-simple"},"acf":[],"_links":{"self":[{"href":"https:\/\/www.regionalis.shop\/goldschatz\/wp-json\/wp\/v2\/product\/1062","targetHints":{"allow":["GET"]}}],"collection":[{"href":"https:\/\/www.regionalis.shop\/goldschatz\/wp-json\/wp\/v2\/product"}],"about":[{"href":"https:\/\/www.regionalis.shop\/goldschatz\/wp-json\/wp\/v2\/types\/product"}],"wp:featuredmedia":[{"embeddable":true,"href":"https:\/\/www.regionalis.shop\/goldschatz\/wp-json\/wp\/v2\/media\/1063"}],"wp:attachment":[{"href":"https:\/\/www.regionalis.shop\/goldschatz\/wp-json\/wp\/v2\/media?parent=1062"}],"wp:term":[{"taxonomy":"product_brand","embeddable":true,"href":"https:\/\/www.regionalis.shop\/goldschatz\/wp-json\/wp\/v2\/product_brand?post=1062"},{"taxonomy":"product_cat","embeddable":true,"href":"https:\/\/www.regionalis.shop\/goldschatz\/wp-json\/wp\/v2\/product_cat?post=1062"},{"taxonomy":"product_tag","embeddable":true,"href":"https:\/\/www.regionalis.shop\/goldschatz\/wp-json\/wp\/v2\/product_tag?post=1062"}],"curies":[{"name":"wp","href":"https:\/\/api.w.org\/{rel}","templated":true}]}}