{"id":1103,"date":"2025-04-18T09:22:18","date_gmt":"2025-04-18T07:22:18","guid":{"rendered":"https:\/\/www.regionalis.shop\/goldschatz\/product\/ohrenmuetze-indianer-uebergang\/"},"modified":"2025-04-18T09:22:18","modified_gmt":"2025-04-18T07:22:18","slug":"ohrenmuetze-indianer-uebergang","status":"publish","type":"product","link":"https:\/\/www.regionalis.shop\/goldschatz\/shop\/ohrenmuetze-indianer-uebergang\/","title":{"rendered":"Ohrenm\u00fctze &#8211; Indianer \u00dcbergang"},"content":{"rendered":"<p>leichte Ohrenm\u00fctze perfekt f\u00fcr den \u00dcbergang. Eher f\u00fcr Fr\u00fchling oder Herbst geeignet, da Innen nur mit Jersey gef\u00fcttert ist.<br \/>\nGr\u00f6\u00dfe: 40\/42<\/p>\n<p>Material: Jersey<\/p>\n","protected":false},"excerpt":{"rendered":"<p>leichte Ohrenm\u00fctze perfekt f\u00fcr den \u00dcbergang. Eher f\u00fcr Fr\u00fchling oder Herbst geeignet, da Innen nur mit Jersey gef\u00fcttert ist. Gr\u00f6\u00dfe: 40\/42 Material: Jersey<\/p>\n","protected":false},"featured_media":1104,"template":"","meta":{"_acf_changed":false},"product_brand":[],"product_cat":[38,47],"product_tag":[],"class_list":{"0":"post-1103","1":"product","2":"type-product","3":"status-publish","4":"has-post-thumbnail","6":"product_cat-baby-kinder","7":"product_cat-hauben-muetzen","9":"first","10":"instock","11":"purchasable","12":"product-type-simple"},"acf":[],"_links":{"self":[{"href":"https:\/\/www.regionalis.shop\/goldschatz\/wp-json\/wp\/v2\/product\/1103","targetHints":{"allow":["GET"]}}],"collection":[{"href":"https:\/\/www.regionalis.shop\/goldschatz\/wp-json\/wp\/v2\/product"}],"about":[{"href":"https:\/\/www.regionalis.shop\/goldschatz\/wp-json\/wp\/v2\/types\/product"}],"wp:featuredmedia":[{"embeddable":true,"href":"https:\/\/www.regionalis.shop\/goldschatz\/wp-json\/wp\/v2\/media\/1104"}],"wp:attachment":[{"href":"https:\/\/www.regionalis.shop\/goldschatz\/wp-json\/wp\/v2\/media?parent=1103"}],"wp:term":[{"taxonomy":"product_brand","embeddable":true,"href":"https:\/\/www.regionalis.shop\/goldschatz\/wp-json\/wp\/v2\/product_brand?post=1103"},{"taxonomy":"product_cat","embeddable":true,"href":"https:\/\/www.regionalis.shop\/goldschatz\/wp-json\/wp\/v2\/product_cat?post=1103"},{"taxonomy":"product_tag","embeddable":true,"href":"https:\/\/www.regionalis.shop\/goldschatz\/wp-json\/wp\/v2\/product_tag?post=1103"}],"curies":[{"name":"wp","href":"https:\/\/api.w.org\/{rel}","templated":true}]}}