{"id":1107,"date":"2025-04-18T09:18:13","date_gmt":"2025-04-18T07:18:13","guid":{"rendered":"https:\/\/www.regionalis.shop\/goldschatz\/product\/mutterkindpass-huelle-regenbogen-lila\/"},"modified":"2025-04-18T09:18:13","modified_gmt":"2025-04-18T07:18:13","slug":"mutterkindpass-huelle-regenbogen-lila","status":"publish","type":"product","link":"https:\/\/www.regionalis.shop\/goldschatz\/shop\/mutterkindpass-huelle-regenbogen-lila\/","title":{"rendered":"Mutterkindpass H\u00fclle &#8211; Regenbogen &#8211; lila"},"content":{"rendered":"<p>Die H\u00fclle ist geeignet f\u00fcr den \u00f6sterreichischen Mutter-Kind-Pass.<br \/>\nSie enth\u00e4lt ein Fach f\u00fcr die eCard und ein etwas gr\u00f6\u00dferes Einsteckfach.<br \/>\nVerschlossen wird mittels Gummiband.<\/p>\n<p>Auf Wunsch kann ich noch eine individuelle Personalisierung mit Namen oder Spruch (Aufpreis EUR 4,00) drauf geben &#8211; bitte dazu die W\u00fcnsche bei der Bestellung bekannt geben<\/p>\n<p>Material: 100% Baumwolle; in der Waschmaschine waschbar (40\u00b0)<\/p>\n<p>Die tats\u00e4chlichen Farben k\u00f6nnen Aufgrund der Darstellung am Bildschirm\/Display etwas abweichen.<\/p>\n","protected":false},"excerpt":{"rendered":"<p>Die H\u00fclle ist geeignet f\u00fcr den \u00f6sterreichischen Mutter-Kind-Pass. Sie enth\u00e4lt ein Fach f\u00fcr die eCard und ein etwas gr\u00f6\u00dferes Einsteckfach. Verschlossen wird mittels Gummiband. Auf Wunsch kann ich noch eine individuelle Personalisierung mit Namen oder Spruch (Aufpreis EUR 4,00) drauf geben &#8211; bitte dazu die W\u00fcnsche bei der Bestellung bekannt geben Material: 100% Baumwolle; in &hellip; <a href=\"https:\/\/www.regionalis.shop\/goldschatz\/shop\/mutterkindpass-huelle-regenbogen-lila\/\">Continued<\/a><\/p>\n","protected":false},"featured_media":1108,"template":"","meta":{"_acf_changed":false},"product_brand":[],"product_cat":[38,96],"product_tag":[],"class_list":{"0":"post-1107","1":"product","2":"type-product","3":"status-publish","4":"has-post-thumbnail","6":"product_cat-baby-kinder","7":"product_cat-taschen-baby-kinder","9":"first","10":"instock","11":"purchasable","12":"product-type-simple"},"acf":[],"_links":{"self":[{"href":"https:\/\/www.regionalis.shop\/goldschatz\/wp-json\/wp\/v2\/product\/1107","targetHints":{"allow":["GET"]}}],"collection":[{"href":"https:\/\/www.regionalis.shop\/goldschatz\/wp-json\/wp\/v2\/product"}],"about":[{"href":"https:\/\/www.regionalis.shop\/goldschatz\/wp-json\/wp\/v2\/types\/product"}],"wp:featuredmedia":[{"embeddable":true,"href":"https:\/\/www.regionalis.shop\/goldschatz\/wp-json\/wp\/v2\/media\/1108"}],"wp:attachment":[{"href":"https:\/\/www.regionalis.shop\/goldschatz\/wp-json\/wp\/v2\/media?parent=1107"}],"wp:term":[{"taxonomy":"product_brand","embeddable":true,"href":"https:\/\/www.regionalis.shop\/goldschatz\/wp-json\/wp\/v2\/product_brand?post=1107"},{"taxonomy":"product_cat","embeddable":true,"href":"https:\/\/www.regionalis.shop\/goldschatz\/wp-json\/wp\/v2\/product_cat?post=1107"},{"taxonomy":"product_tag","embeddable":true,"href":"https:\/\/www.regionalis.shop\/goldschatz\/wp-json\/wp\/v2\/product_tag?post=1107"}],"curies":[{"name":"wp","href":"https:\/\/api.w.org\/{rel}","templated":true}]}}