{"id":1126,"date":"2025-04-18T08:21:51","date_gmt":"2025-04-18T06:21:51","guid":{"rendered":"https:\/\/www.regionalis.shop\/goldschatz\/product\/schlupfhaube-fuechsin\/"},"modified":"2025-04-18T08:21:51","modified_gmt":"2025-04-18T06:21:51","slug":"schlupfhaube-fuechsin","status":"publish","type":"product","link":"https:\/\/www.regionalis.shop\/goldschatz\/shop\/schlupfhaube-fuechsin\/","title":{"rendered":"Schlupfhaube F\u00fcchsin"},"content":{"rendered":"<p>Diese Schlupfhaube ist innen mit einem kuscheligen Alpenfleece gef\u00fcttert. Schnell \u00fcber den Kopf gezogen sch\u00fctzt er auch den Nacken vor der K\u00e4lte.<\/p>\n<p>Gr\u00f6\u00dfe 46<\/p>\n","protected":false},"excerpt":{"rendered":"<p>Diese Schlupfhaube ist innen mit einem kuscheligen Alpenfleece gef\u00fcttert. Schnell \u00fcber den Kopf gezogen sch\u00fctzt er auch den Nacken vor der K\u00e4lte. Gr\u00f6\u00dfe 46<\/p>\n","protected":false},"featured_media":1127,"template":"","meta":{"_acf_changed":false},"product_brand":[],"product_cat":[38,47],"product_tag":[],"class_list":{"0":"post-1126","1":"product","2":"type-product","3":"status-publish","4":"has-post-thumbnail","6":"product_cat-baby-kinder","7":"product_cat-hauben-muetzen","9":"first","10":"instock","11":"purchasable","12":"product-type-simple"},"acf":[],"_links":{"self":[{"href":"https:\/\/www.regionalis.shop\/goldschatz\/wp-json\/wp\/v2\/product\/1126","targetHints":{"allow":["GET"]}}],"collection":[{"href":"https:\/\/www.regionalis.shop\/goldschatz\/wp-json\/wp\/v2\/product"}],"about":[{"href":"https:\/\/www.regionalis.shop\/goldschatz\/wp-json\/wp\/v2\/types\/product"}],"wp:featuredmedia":[{"embeddable":true,"href":"https:\/\/www.regionalis.shop\/goldschatz\/wp-json\/wp\/v2\/media\/1127"}],"wp:attachment":[{"href":"https:\/\/www.regionalis.shop\/goldschatz\/wp-json\/wp\/v2\/media?parent=1126"}],"wp:term":[{"taxonomy":"product_brand","embeddable":true,"href":"https:\/\/www.regionalis.shop\/goldschatz\/wp-json\/wp\/v2\/product_brand?post=1126"},{"taxonomy":"product_cat","embeddable":true,"href":"https:\/\/www.regionalis.shop\/goldschatz\/wp-json\/wp\/v2\/product_cat?post=1126"},{"taxonomy":"product_tag","embeddable":true,"href":"https:\/\/www.regionalis.shop\/goldschatz\/wp-json\/wp\/v2\/product_tag?post=1126"}],"curies":[{"name":"wp","href":"https:\/\/api.w.org\/{rel}","templated":true}]}}