{"id":1128,"date":"2025-04-18T06:30:02","date_gmt":"2025-04-18T04:30:02","guid":{"rendered":"https:\/\/www.regionalis.shop\/goldschatz\/product\/turnbeutel-mit-hasenohren-strizzi\/"},"modified":"2025-04-18T06:30:02","modified_gmt":"2025-04-18T04:30:02","slug":"turnbeutel-mit-hasenohren-strizzi","status":"publish","type":"product","link":"https:\/\/www.regionalis.shop\/goldschatz\/shop\/turnbeutel-mit-hasenohren-strizzi\/","title":{"rendered":"Turnbeutel mit Hasenohren &#8211; Strizzi"},"content":{"rendered":"<p>Dieser handgefertigte Beutel ist in der Gr\u00f6\u00dfe so angepasst, dass viele kleine Dinge ihren Platz finden, ohne dabei auf dem R\u00fccken zu wuchtig zu sein. Das Besondere sind die Henkel, damit kann der Beutel super in der Hand getragen werden, oder im Kindergarten aufgeh\u00e4ngt werden.<br \/>\nMit dem Namen am Ohr personalisiert ist er ein ideales Geschenk, nicht nur zu Ostern.<\/p>\n<p>Gr\u00f6\u00dfe: circa 27 x 37 cm<\/p>\n<p>Material:<br \/>\nAu\u00dfenstoff: Canvas (100 % Baumwolle)<br \/>\nInnenstoff &#038; Ohren, Kordel: Baumwolle \/ bzw. 100% Baumwolle, Beschichtung 100% Polyacryl<br \/>\nAufdruck: Flexfolie<br \/>\nKunstlederlabel mit Statement &#8222;Strizzi&#8220;<\/p>\n","protected":false},"excerpt":{"rendered":"<p>Dieser handgefertigte Beutel ist in der Gr\u00f6\u00dfe so angepasst, dass viele kleine Dinge ihren Platz finden, ohne dabei auf dem R\u00fccken zu wuchtig zu sein. Das Besondere sind die Henkel, damit kann der Beutel super in der Hand getragen werden, oder im Kindergarten aufgeh\u00e4ngt werden. Mit dem Namen am Ohr personalisiert ist er ein ideales &hellip; <a href=\"https:\/\/www.regionalis.shop\/goldschatz\/shop\/turnbeutel-mit-hasenohren-strizzi\/\">Continued<\/a><\/p>\n","protected":false},"featured_media":1129,"template":"","meta":{"_acf_changed":false},"product_brand":[],"product_cat":[166,95],"product_tag":[],"class_list":{"0":"post-1128","1":"product","2":"type-product","3":"status-publish","4":"has-post-thumbnail","6":"product_cat-rucksaecke-gymbags","7":"product_cat-taschen","9":"first","10":"instock","11":"purchasable","12":"product-type-simple"},"acf":[],"_links":{"self":[{"href":"https:\/\/www.regionalis.shop\/goldschatz\/wp-json\/wp\/v2\/product\/1128","targetHints":{"allow":["GET"]}}],"collection":[{"href":"https:\/\/www.regionalis.shop\/goldschatz\/wp-json\/wp\/v2\/product"}],"about":[{"href":"https:\/\/www.regionalis.shop\/goldschatz\/wp-json\/wp\/v2\/types\/product"}],"wp:featuredmedia":[{"embeddable":true,"href":"https:\/\/www.regionalis.shop\/goldschatz\/wp-json\/wp\/v2\/media\/1129"}],"wp:attachment":[{"href":"https:\/\/www.regionalis.shop\/goldschatz\/wp-json\/wp\/v2\/media?parent=1128"}],"wp:term":[{"taxonomy":"product_brand","embeddable":true,"href":"https:\/\/www.regionalis.shop\/goldschatz\/wp-json\/wp\/v2\/product_brand?post=1128"},{"taxonomy":"product_cat","embeddable":true,"href":"https:\/\/www.regionalis.shop\/goldschatz\/wp-json\/wp\/v2\/product_cat?post=1128"},{"taxonomy":"product_tag","embeddable":true,"href":"https:\/\/www.regionalis.shop\/goldschatz\/wp-json\/wp\/v2\/product_tag?post=1128"}],"curies":[{"name":"wp","href":"https:\/\/api.w.org\/{rel}","templated":true}]}}