{"id":1131,"date":"2025-04-18T06:02:56","date_gmt":"2025-04-18T04:02:56","guid":{"rendered":"https:\/\/www.regionalis.shop\/goldschatz\/product\/wollwalkdecke\/"},"modified":"2025-04-18T06:02:56","modified_gmt":"2025-04-18T04:02:56","slug":"wollwalkdecke","status":"publish","type":"product","link":"https:\/\/www.regionalis.shop\/goldschatz\/shop\/wollwalkdecke\/","title":{"rendered":"Wollwalkdecke"},"content":{"rendered":"<p>Die zweilagige Decke ist der perfekte Begleiter f\u00fcr deinen Goldschatz. Egal ob Zuhause als Kuscheldecke, Krabbeldecke oder drau\u00dfen zum Zudecken im Kinderwagen. Auch ein tolles Geschenk zur Geburt, Taufe oder Geburtstag. <\/p>\n<p>Gr\u00f6\u00dfe: ca. 50 cm x 70cm<br \/>\nMaterial: 100% Baumwolle, 100% Wolle<\/p>\n<p>Der Wollwalk Merino ist RWS Zertifiziert. Dies bedeutet, dass die Schafe f\u00fcr die Wolle nicht leiden mussten und es umfassende Regeln f\u00fcr die Tierhaltung gibt und Mulesing ausgeschlossen ist.<\/p>\n","protected":false},"excerpt":{"rendered":"<p>Die zweilagige Decke ist der perfekte Begleiter f\u00fcr deinen Goldschatz. Egal ob Zuhause als Kuscheldecke, Krabbeldecke oder drau\u00dfen zum Zudecken im Kinderwagen. Auch ein tolles Geschenk zur Geburt, Taufe oder Geburtstag. Gr\u00f6\u00dfe: ca. 50 cm x 70cm Material: 100% Baumwolle, 100% Wolle Der Wollwalk Merino ist RWS Zertifiziert. Dies bedeutet, dass die Schafe f\u00fcr die &hellip; <a href=\"https:\/\/www.regionalis.shop\/goldschatz\/shop\/wollwalkdecke\/\">Continued<\/a><\/p>\n","protected":false},"featured_media":1132,"template":"","meta":{"_acf_changed":false},"product_brand":[],"product_cat":[107,38],"product_tag":[],"class_list":{"0":"post-1131","1":"product","2":"type-product","3":"status-publish","4":"has-post-thumbnail","6":"product_cat-accessoires-baby-kinder","7":"product_cat-baby-kinder","9":"first","10":"instock","11":"purchasable","12":"product-type-simple"},"acf":[],"_links":{"self":[{"href":"https:\/\/www.regionalis.shop\/goldschatz\/wp-json\/wp\/v2\/product\/1131","targetHints":{"allow":["GET"]}}],"collection":[{"href":"https:\/\/www.regionalis.shop\/goldschatz\/wp-json\/wp\/v2\/product"}],"about":[{"href":"https:\/\/www.regionalis.shop\/goldschatz\/wp-json\/wp\/v2\/types\/product"}],"wp:featuredmedia":[{"embeddable":true,"href":"https:\/\/www.regionalis.shop\/goldschatz\/wp-json\/wp\/v2\/media\/1132"}],"wp:attachment":[{"href":"https:\/\/www.regionalis.shop\/goldschatz\/wp-json\/wp\/v2\/media?parent=1131"}],"wp:term":[{"taxonomy":"product_brand","embeddable":true,"href":"https:\/\/www.regionalis.shop\/goldschatz\/wp-json\/wp\/v2\/product_brand?post=1131"},{"taxonomy":"product_cat","embeddable":true,"href":"https:\/\/www.regionalis.shop\/goldschatz\/wp-json\/wp\/v2\/product_cat?post=1131"},{"taxonomy":"product_tag","embeddable":true,"href":"https:\/\/www.regionalis.shop\/goldschatz\/wp-json\/wp\/v2\/product_tag?post=1131"}],"curies":[{"name":"wp","href":"https:\/\/api.w.org\/{rel}","templated":true}]}}