{"id":1053,"date":"2025-04-18T07:10:09","date_gmt":"2025-04-18T05:10:09","guid":{"rendered":"https:\/\/www.regionalis.shop\/gurtner-wellness\/product\/sauna-essenz-blumige-duefte-saunaaufguss-saunaduft-duft-fuer-die-sauna\/"},"modified":"2025-04-18T07:10:09","modified_gmt":"2025-04-18T05:10:09","slug":"sauna-essenz-blumige-duefte-saunaaufguss-saunaduft-duft-fuer-die-sauna","status":"publish","type":"product","link":"https:\/\/www.regionalis.shop\/gurtner-wellness\/shop\/sauna-essenz-blumige-duefte-saunaaufguss-saunaduft-duft-fuer-die-sauna\/","title":{"rendered":"SAUNA ESSENZ blumige D\u00fcfte, Saunaaufguss, Saunaduft, Duft f\u00fcr die Sauna"},"content":{"rendered":"<p>Blumige SAUNA-ESSENZEN 100ml in der Glasb\u00fcgelflasche<\/p>\n<p>Hier wird ein Saunaaufguss zum Erlebnis &#8211; verschiedene Duftrichtungen bringen Abwechslung in Ihre Sauna!<\/p>\n<p>hochkonzentriert<br \/>\nabgef\u00fcllt in \u00d6sterreich<br \/>\n5-30ml\/Liter Saunaaufguss (je nach pers\u00f6nlichem Empfinden)<br \/>\nviele Duftvarianten f\u00fcr Abwechslung<br \/>\nAromatherapie mit \u00e4therischen \u00d6len<\/p>\n","protected":false},"excerpt":{"rendered":"<p>Blumige SAUNA-ESSENZEN 100ml in der Glasb\u00fcgelflasche Hier wird ein Saunaaufguss zum Erlebnis &#8211; verschiedene Duftrichtungen bringen Abwechslung in Ihre Sauna! hochkonzentriert abgef\u00fcllt in \u00d6sterreich 5-30ml\/Liter Saunaaufguss (je nach pers\u00f6nlichem Empfinden) viele Duftvarianten f\u00fcr Abwechslung Aromatherapie mit \u00e4therischen \u00d6len<\/p>\n","protected":false},"featured_media":1054,"template":"","meta":{"_acf_changed":false},"product_brand":[],"product_cat":[111,41],"product_tag":[],"class_list":{"0":"post-1053","1":"product","2":"type-product","3":"status-publish","4":"has-post-thumbnail","6":"product_cat-aromasprays-duftoele","7":"product_cat-freizeit-lifestyle","9":"first","10":"instock","11":"purchasable","12":"product-type-simple"},"acf":[],"_links":{"self":[{"href":"https:\/\/www.regionalis.shop\/gurtner-wellness\/wp-json\/wp\/v2\/product\/1053","targetHints":{"allow":["GET"]}}],"collection":[{"href":"https:\/\/www.regionalis.shop\/gurtner-wellness\/wp-json\/wp\/v2\/product"}],"about":[{"href":"https:\/\/www.regionalis.shop\/gurtner-wellness\/wp-json\/wp\/v2\/types\/product"}],"wp:featuredmedia":[{"embeddable":true,"href":"https:\/\/www.regionalis.shop\/gurtner-wellness\/wp-json\/wp\/v2\/media\/1054"}],"wp:attachment":[{"href":"https:\/\/www.regionalis.shop\/gurtner-wellness\/wp-json\/wp\/v2\/media?parent=1053"}],"wp:term":[{"taxonomy":"product_brand","embeddable":true,"href":"https:\/\/www.regionalis.shop\/gurtner-wellness\/wp-json\/wp\/v2\/product_brand?post=1053"},{"taxonomy":"product_cat","embeddable":true,"href":"https:\/\/www.regionalis.shop\/gurtner-wellness\/wp-json\/wp\/v2\/product_cat?post=1053"},{"taxonomy":"product_tag","embeddable":true,"href":"https:\/\/www.regionalis.shop\/gurtner-wellness\/wp-json\/wp\/v2\/product_tag?post=1053"}],"curies":[{"name":"wp","href":"https:\/\/api.w.org\/{rel}","templated":true}]}}