{"id":1059,"date":"2025-04-18T07:09:41","date_gmt":"2025-04-18T05:09:41","guid":{"rendered":"https:\/\/www.regionalis.shop\/gurtner-wellness\/product\/kupferschale-sauna-tea-aromaschale-und-saunaduft-2\/"},"modified":"2025-04-18T07:09:41","modified_gmt":"2025-04-18T05:09:41","slug":"kupferschale-sauna-tea-aromaschale-und-saunaduft-2","status":"publish","type":"product","link":"https:\/\/www.regionalis.shop\/gurtner-wellness\/shop\/kupferschale-sauna-tea-aromaschale-und-saunaduft-2\/","title":{"rendered":"Kupferschale &#038; Sauna Tea, Aromaschale und Saunaduft"},"content":{"rendered":"<p>Kupferschale &#038; Sauna Tea<\/p>\n<p>Stellen Sie die Kupferschale zwischen Ihre Saunasteine, f\u00fcllen Sie sie mit etwas Wasser. Den Stoffbeutel mit Sauna Tea legen Sie direkt in die Schale. W\u00e4hlen Sie zwischen unterschiedlichen nat\u00fcrlichen Sauna Tea-Kreationen in Bio-Qualit\u00e4t.<\/p>\n<p>Kupferschale: Durchmesser ca 11,7 cm<br \/>\nSauna Tea: F\u00fcllmenge ca 10g\/Beutel<br \/>\nDuftrichtungen: Bella Italia (Rosmarin) oder Lavender Blossom (Lavendel) in 100% Bio-Qualit\u00e4t<\/p>\n","protected":false},"excerpt":{"rendered":"<p>Kupferschale &#038; Sauna Tea Stellen Sie die Kupferschale zwischen Ihre Saunasteine, f\u00fcllen Sie sie mit etwas Wasser. Den Stoffbeutel mit Sauna Tea legen Sie direkt in die Schale. W\u00e4hlen Sie zwischen unterschiedlichen nat\u00fcrlichen Sauna Tea-Kreationen in Bio-Qualit\u00e4t. Kupferschale: Durchmesser ca 11,7 cm Sauna Tea: F\u00fcllmenge ca 10g\/Beutel Duftrichtungen: Bella Italia (Rosmarin) oder Lavender Blossom (Lavendel) &hellip; <a href=\"https:\/\/www.regionalis.shop\/gurtner-wellness\/shop\/kupferschale-sauna-tea-aromaschale-und-saunaduft-2\/\">Continued<\/a><\/p>\n","protected":false},"featured_media":1060,"template":"","meta":{"_acf_changed":false},"product_brand":[],"product_cat":[41,53],"product_tag":[],"class_list":{"0":"post-1059","1":"product","2":"type-product","3":"status-publish","4":"has-post-thumbnail","6":"product_cat-freizeit-lifestyle","7":"product_cat-kraeuterkissen","9":"first","10":"instock","11":"purchasable","12":"product-type-simple"},"acf":[],"_links":{"self":[{"href":"https:\/\/www.regionalis.shop\/gurtner-wellness\/wp-json\/wp\/v2\/product\/1059","targetHints":{"allow":["GET"]}}],"collection":[{"href":"https:\/\/www.regionalis.shop\/gurtner-wellness\/wp-json\/wp\/v2\/product"}],"about":[{"href":"https:\/\/www.regionalis.shop\/gurtner-wellness\/wp-json\/wp\/v2\/types\/product"}],"wp:featuredmedia":[{"embeddable":true,"href":"https:\/\/www.regionalis.shop\/gurtner-wellness\/wp-json\/wp\/v2\/media\/1060"}],"wp:attachment":[{"href":"https:\/\/www.regionalis.shop\/gurtner-wellness\/wp-json\/wp\/v2\/media?parent=1059"}],"wp:term":[{"taxonomy":"product_brand","embeddable":true,"href":"https:\/\/www.regionalis.shop\/gurtner-wellness\/wp-json\/wp\/v2\/product_brand?post=1059"},{"taxonomy":"product_cat","embeddable":true,"href":"https:\/\/www.regionalis.shop\/gurtner-wellness\/wp-json\/wp\/v2\/product_cat?post=1059"},{"taxonomy":"product_tag","embeddable":true,"href":"https:\/\/www.regionalis.shop\/gurtner-wellness\/wp-json\/wp\/v2\/product_tag?post=1059"}],"curies":[{"name":"wp","href":"https:\/\/api.w.org\/{rel}","templated":true}]}}