{"id":1063,"date":"2025-04-18T07:09:41","date_gmt":"2025-04-18T05:09:41","guid":{"rendered":"https:\/\/www.regionalis.shop\/gurtner-wellness\/product\/menthol-kristalle-fuer-die-sauna-saunaaufguss-saunaduft\/"},"modified":"2025-04-18T07:09:41","modified_gmt":"2025-04-18T05:09:41","slug":"menthol-kristalle-fuer-die-sauna-saunaaufguss-saunaduft","status":"publish","type":"product","link":"https:\/\/www.regionalis.shop\/gurtner-wellness\/shop\/menthol-kristalle-fuer-die-sauna-saunaaufguss-saunaduft\/","title":{"rendered":"Menthol-Kristalle f\u00fcr die Sauna, Saunaaufguss, Saunaduft"},"content":{"rendered":"<p>EISIG &#8211; FRISCH<\/p>\n<p>Menthol-Kristalle: naturreines Produkt<\/p>\n<p>Anwendung:<br \/>\n1-5 &#8211; Kristalle je nach Saunagr\u00f6\u00dfe &#8211; direkt auf die Saunasteine geben oder einem Saunaaufguss beimengen. Alternativ k\u00f6nnen die Kristalle in einen Schneeball oder einen Ball aus Crushed-Eis eingearbeitet und auf die hei\u00dfen Steine gelegt werden.<\/p>\n<p>25g in der Glasb\u00fcgeldose<\/p>\n","protected":false},"excerpt":{"rendered":"<p>EISIG &#8211; FRISCH Menthol-Kristalle: naturreines Produkt Anwendung: 1-5 &#8211; Kristalle je nach Saunagr\u00f6\u00dfe &#8211; direkt auf die Saunasteine geben oder einem Saunaaufguss beimengen. Alternativ k\u00f6nnen die Kristalle in einen Schneeball oder einen Ball aus Crushed-Eis eingearbeitet und auf die hei\u00dfen Steine gelegt werden. 25g in der Glasb\u00fcgeldose<\/p>\n","protected":false},"featured_media":1064,"template":"","meta":{"_acf_changed":false},"product_brand":[],"product_cat":[111,41],"product_tag":[],"class_list":{"0":"post-1063","1":"product","2":"type-product","3":"status-publish","4":"has-post-thumbnail","6":"product_cat-aromasprays-duftoele","7":"product_cat-freizeit-lifestyle","9":"first","10":"instock","11":"purchasable","12":"product-type-simple"},"acf":[],"_links":{"self":[{"href":"https:\/\/www.regionalis.shop\/gurtner-wellness\/wp-json\/wp\/v2\/product\/1063","targetHints":{"allow":["GET"]}}],"collection":[{"href":"https:\/\/www.regionalis.shop\/gurtner-wellness\/wp-json\/wp\/v2\/product"}],"about":[{"href":"https:\/\/www.regionalis.shop\/gurtner-wellness\/wp-json\/wp\/v2\/types\/product"}],"wp:featuredmedia":[{"embeddable":true,"href":"https:\/\/www.regionalis.shop\/gurtner-wellness\/wp-json\/wp\/v2\/media\/1064"}],"wp:attachment":[{"href":"https:\/\/www.regionalis.shop\/gurtner-wellness\/wp-json\/wp\/v2\/media?parent=1063"}],"wp:term":[{"taxonomy":"product_brand","embeddable":true,"href":"https:\/\/www.regionalis.shop\/gurtner-wellness\/wp-json\/wp\/v2\/product_brand?post=1063"},{"taxonomy":"product_cat","embeddable":true,"href":"https:\/\/www.regionalis.shop\/gurtner-wellness\/wp-json\/wp\/v2\/product_cat?post=1063"},{"taxonomy":"product_tag","embeddable":true,"href":"https:\/\/www.regionalis.shop\/gurtner-wellness\/wp-json\/wp\/v2\/product_tag?post=1063"}],"curies":[{"name":"wp","href":"https:\/\/api.w.org\/{rel}","templated":true}]}}