{"id":108,"date":"2024-03-04T10:57:41","date_gmt":"2024-03-04T10:57:41","guid":{"rendered":"https:\/\/stage.shop-it.at\/?page_id=108"},"modified":"2025-10-21T17:33:35","modified_gmt":"2025-10-21T15:33:35","slug":"info","status":"publish","type":"page","link":"https:\/\/www.regionalis.shop\/handbemalter-krimskrams\/info\/","title":{"rendered":"Info"},"content":{"rendered":"<section>\n            <p>Mein Name ist Sandra und ich bin Mama von zwei wundervollen Kindern.<br \/>\nIch male seit ich mich erinnern kann und bemale alles was mir in die H\u00e4nde kommt. Auf der Suche nach besonderen Gegenst\u00e4nden wie Vasen, Tassen, Gl\u00e4ser, Gef\u00e4\u00dfe, Taschen usw gehe ich sehr gerne auf Flohm\u00e4rkte.<br \/>\nJetzt in der Weihnachtszeit bemale ich &#8211;Christbaumkugeln&#8211;, gerne auch auf Wunsch mit &#8211;deinem Motiv&#8211;. Ich male fast alles (ausser Menschen!).<br \/>\nWie w\u00e4re es mit einem Bild von deinem &#8211;geliebten Vierbeiner&#8211;, oder das Motorrad deines Mannes? F\u00fcr J\u00e4ger z.B. ein Hirsch, f\u00fcr Feuerwehrm\u00e4nner das FF Logo, f\u00fcr Fu\u00dfballfans das Clublogo, es gibt viele M\u00f6glichkeiten um eine Kugel zu&#8211;personalisieren&#8211;. Gerne nehme ich deine W\u00fcnsche entgegen.<\/p>\n\n    <\/section>\n\n\n<p><\/p>\n","protected":false},"excerpt":{"rendered":"","protected":false},"author":1,"featured_media":0,"parent":0,"menu_order":0,"comment_status":"closed","ping_status":"closed","template":"","meta":{"_acf_changed":false,"footnotes":""},"class_list":["post-108","page","type-page","status-publish","hentry"],"acf":[],"_links":{"self":[{"href":"https:\/\/www.regionalis.shop\/handbemalter-krimskrams\/wp-json\/wp\/v2\/pages\/108","targetHints":{"allow":["GET"]}}],"collection":[{"href":"https:\/\/www.regionalis.shop\/handbemalter-krimskrams\/wp-json\/wp\/v2\/pages"}],"about":[{"href":"https:\/\/www.regionalis.shop\/handbemalter-krimskrams\/wp-json\/wp\/v2\/types\/page"}],"author":[{"embeddable":true,"href":"https:\/\/www.regionalis.shop\/handbemalter-krimskrams\/wp-json\/wp\/v2\/users\/1"}],"replies":[{"embeddable":true,"href":"https:\/\/www.regionalis.shop\/handbemalter-krimskrams\/wp-json\/wp\/v2\/comments?post=108"}],"version-history":[{"count":39,"href":"https:\/\/www.regionalis.shop\/handbemalter-krimskrams\/wp-json\/wp\/v2\/pages\/108\/revisions"}],"predecessor-version":[{"id":1028,"href":"https:\/\/www.regionalis.shop\/handbemalter-krimskrams\/wp-json\/wp\/v2\/pages\/108\/revisions\/1028"}],"wp:attachment":[{"href":"https:\/\/www.regionalis.shop\/handbemalter-krimskrams\/wp-json\/wp\/v2\/media?parent=108"}],"curies":[{"name":"wp","href":"https:\/\/api.w.org\/{rel}","templated":true}]}}