{"id":1054,"date":"2025-04-18T00:03:07","date_gmt":"2025-04-17T22:03:07","guid":{"rendered":"https:\/\/www.regionalis.shop\/handbemalter-krimskrams\/product\/geldtaschen-aus-filz\/"},"modified":"2025-04-18T00:03:07","modified_gmt":"2025-04-17T22:03:07","slug":"geldtaschen-aus-filz","status":"publish","type":"product","link":"https:\/\/www.regionalis.shop\/handbemalter-krimskrams\/shop\/geldtaschen-aus-filz\/","title":{"rendered":"Geldtaschen aus Filz"},"content":{"rendered":"<p>Diese Filztaschen k\u00f6nnen als Geldtasche, Handyh\u00fclle oder Mundschutztascherl verwendet werden, Mit Druckknopf und Kreditkartenf\u00e4chern. Achtung: kein Kleingeldfach vorhanden!<br \/>\nSie sind handbemalt und mit der Hand waschbar.<br \/>\nDiese Taschen sind bereits verkauft und dienen nur als Beispiel, ich male heuer auf Grund von Covid19 nur auf Wunsch ( gerne auch diese abgebildeten Motive).<br \/>\nBitte die Produktionszeit in die Lieferzeit mit einberechnen!<\/p>\n","protected":false},"excerpt":{"rendered":"<p>Diese Filztaschen k\u00f6nnen als Geldtasche, Handyh\u00fclle oder Mundschutztascherl verwendet werden, Mit Druckknopf und Kreditkartenf\u00e4chern. Achtung: kein Kleingeldfach vorhanden! Sie sind handbemalt und mit der Hand waschbar. Diese Taschen sind bereits verkauft und dienen nur als Beispiel, ich male heuer auf Grund von Covid19 nur auf Wunsch ( gerne auch diese abgebildeten Motive). Bitte die Produktionszeit &hellip; <a href=\"https:\/\/www.regionalis.shop\/handbemalter-krimskrams\/shop\/geldtaschen-aus-filz\/\">Continued<\/a><\/p>\n","protected":false},"featured_media":1055,"template":"","meta":{"_acf_changed":false},"product_brand":[],"product_cat":[37,82],"product_tag":[],"class_list":{"0":"post-1054","1":"product","2":"type-product","3":"status-publish","4":"has-post-thumbnail","6":"product_cat-accessoires","7":"product_cat-sonstiges-accessoires","9":"first","10":"instock","11":"purchasable","12":"product-type-simple"},"acf":[],"_links":{"self":[{"href":"https:\/\/www.regionalis.shop\/handbemalter-krimskrams\/wp-json\/wp\/v2\/product\/1054","targetHints":{"allow":["GET"]}}],"collection":[{"href":"https:\/\/www.regionalis.shop\/handbemalter-krimskrams\/wp-json\/wp\/v2\/product"}],"about":[{"href":"https:\/\/www.regionalis.shop\/handbemalter-krimskrams\/wp-json\/wp\/v2\/types\/product"}],"wp:featuredmedia":[{"embeddable":true,"href":"https:\/\/www.regionalis.shop\/handbemalter-krimskrams\/wp-json\/wp\/v2\/media\/1055"}],"wp:attachment":[{"href":"https:\/\/www.regionalis.shop\/handbemalter-krimskrams\/wp-json\/wp\/v2\/media?parent=1054"}],"wp:term":[{"taxonomy":"product_brand","embeddable":true,"href":"https:\/\/www.regionalis.shop\/handbemalter-krimskrams\/wp-json\/wp\/v2\/product_brand?post=1054"},{"taxonomy":"product_cat","embeddable":true,"href":"https:\/\/www.regionalis.shop\/handbemalter-krimskrams\/wp-json\/wp\/v2\/product_cat?post=1054"},{"taxonomy":"product_tag","embeddable":true,"href":"https:\/\/www.regionalis.shop\/handbemalter-krimskrams\/wp-json\/wp\/v2\/product_tag?post=1054"}],"curies":[{"name":"wp","href":"https:\/\/api.w.org\/{rel}","templated":true}]}}