{"id":1053,"date":"2025-04-18T05:04:27","date_gmt":"2025-04-18T03:04:27","guid":{"rendered":"https:\/\/www.regionalis.shop\/handgmacht\/product\/kaffeebecher-chillkroete-weiblich\/"},"modified":"2025-04-18T05:04:27","modified_gmt":"2025-04-18T03:04:27","slug":"kaffeebecher-chillkroete-weiblich","status":"publish","type":"product","link":"https:\/\/www.regionalis.shop\/handgmacht\/shop\/kaffeebecher-chillkroete-weiblich\/","title":{"rendered":"Kaffeebecher &#8222;chillkr\u00f6te&#8220; weiblich"},"content":{"rendered":"<p>1 St\u00fcck Kaffeebecher nieder, Motiv &#8218;chillkr\u00f6te&#8216; weiblich, handbemalt, sp\u00fclmaschinengeeignet, H\u00f6he ca. 7cm, Durchmesser ca 9cm, ca 200ml Fassungsverm\u00f6gen<\/p>\n","protected":false},"excerpt":{"rendered":"<p>1 St\u00fcck Kaffeebecher nieder, Motiv &#8218;chillkr\u00f6te&#8216; weiblich, handbemalt, sp\u00fclmaschinengeeignet, H\u00f6he ca. 7cm, Durchmesser ca 9cm, ca 200ml Fassungsverm\u00f6gen<\/p>\n","protected":false},"featured_media":1054,"template":"","meta":{"_acf_changed":false},"product_brand":[],"product_cat":[127,103],"product_tag":[],"class_list":{"0":"post-1053","1":"product","2":"type-product","3":"status-publish","4":"has-post-thumbnail","6":"product_cat-essen-trinken","7":"product_cat-wohnen-deko","9":"first","10":"instock","11":"purchasable","12":"product-type-simple"},"acf":[],"_links":{"self":[{"href":"https:\/\/www.regionalis.shop\/handgmacht\/wp-json\/wp\/v2\/product\/1053","targetHints":{"allow":["GET"]}}],"collection":[{"href":"https:\/\/www.regionalis.shop\/handgmacht\/wp-json\/wp\/v2\/product"}],"about":[{"href":"https:\/\/www.regionalis.shop\/handgmacht\/wp-json\/wp\/v2\/types\/product"}],"wp:featuredmedia":[{"embeddable":true,"href":"https:\/\/www.regionalis.shop\/handgmacht\/wp-json\/wp\/v2\/media\/1054"}],"wp:attachment":[{"href":"https:\/\/www.regionalis.shop\/handgmacht\/wp-json\/wp\/v2\/media?parent=1053"}],"wp:term":[{"taxonomy":"product_brand","embeddable":true,"href":"https:\/\/www.regionalis.shop\/handgmacht\/wp-json\/wp\/v2\/product_brand?post=1053"},{"taxonomy":"product_cat","embeddable":true,"href":"https:\/\/www.regionalis.shop\/handgmacht\/wp-json\/wp\/v2\/product_cat?post=1053"},{"taxonomy":"product_tag","embeddable":true,"href":"https:\/\/www.regionalis.shop\/handgmacht\/wp-json\/wp\/v2\/product_tag?post=1053"}],"curies":[{"name":"wp","href":"https:\/\/api.w.org\/{rel}","templated":true}]}}