{"id":1059,"date":"2025-04-18T00:20:36","date_gmt":"2025-04-17T22:20:36","guid":{"rendered":"https:\/\/www.regionalis.shop\/handgmacht\/product\/kaffeebecher-coffee-pink\/"},"modified":"2025-04-18T00:20:36","modified_gmt":"2025-04-17T22:20:36","slug":"kaffeebecher-coffee-pink","status":"publish","type":"product","link":"https:\/\/www.regionalis.shop\/handgmacht\/shop\/kaffeebecher-coffee-pink\/","title":{"rendered":"Kaffeebecher &#8222;coffee !!&#8220; pink"},"content":{"rendered":"<p>1 St\u00fcck Kaffeebecher nieder, Motiv &#8222;coffee !!&#8220; in pink, handbemalt, sp\u00fclmaschinengeeignet, H\u00f6he ca. 7cm, Durchmesser ca. 9cm, ca. 200 ml Fassungsverm\u00f6gen<\/p>\n","protected":false},"excerpt":{"rendered":"<p>1 St\u00fcck Kaffeebecher nieder, Motiv &#8222;coffee !!&#8220; in pink, handbemalt, sp\u00fclmaschinengeeignet, H\u00f6he ca. 7cm, Durchmesser ca. 9cm, ca. 200 ml Fassungsverm\u00f6gen<\/p>\n","protected":false},"featured_media":1060,"template":"","meta":{"_acf_changed":false},"product_brand":[],"product_cat":[127,103],"product_tag":[],"class_list":{"0":"post-1059","1":"product","2":"type-product","3":"status-publish","4":"has-post-thumbnail","6":"product_cat-essen-trinken","7":"product_cat-wohnen-deko","9":"first","10":"instock","11":"purchasable","12":"product-type-simple"},"acf":[],"_links":{"self":[{"href":"https:\/\/www.regionalis.shop\/handgmacht\/wp-json\/wp\/v2\/product\/1059","targetHints":{"allow":["GET"]}}],"collection":[{"href":"https:\/\/www.regionalis.shop\/handgmacht\/wp-json\/wp\/v2\/product"}],"about":[{"href":"https:\/\/www.regionalis.shop\/handgmacht\/wp-json\/wp\/v2\/types\/product"}],"wp:featuredmedia":[{"embeddable":true,"href":"https:\/\/www.regionalis.shop\/handgmacht\/wp-json\/wp\/v2\/media\/1060"}],"wp:attachment":[{"href":"https:\/\/www.regionalis.shop\/handgmacht\/wp-json\/wp\/v2\/media?parent=1059"}],"wp:term":[{"taxonomy":"product_brand","embeddable":true,"href":"https:\/\/www.regionalis.shop\/handgmacht\/wp-json\/wp\/v2\/product_brand?post=1059"},{"taxonomy":"product_cat","embeddable":true,"href":"https:\/\/www.regionalis.shop\/handgmacht\/wp-json\/wp\/v2\/product_cat?post=1059"},{"taxonomy":"product_tag","embeddable":true,"href":"https:\/\/www.regionalis.shop\/handgmacht\/wp-json\/wp\/v2\/product_tag?post=1059"}],"curies":[{"name":"wp","href":"https:\/\/api.w.org\/{rel}","templated":true}]}}