{"id":1072,"date":"2025-04-17T23:24:15","date_gmt":"2025-04-17T21:24:15","guid":{"rendered":"https:\/\/www.regionalis.shop\/handgmacht\/product\/6-stueck-schnapsglas-edelweiss\/"},"modified":"2025-04-17T23:24:15","modified_gmt":"2025-04-17T21:24:15","slug":"6-stueck-schnapsglas-edelweiss","status":"publish","type":"product","link":"https:\/\/www.regionalis.shop\/handgmacht\/shop\/6-stueck-schnapsglas-edelweiss\/","title":{"rendered":"6 St\u00fcck Schnapsglas Edelweiss"},"content":{"rendered":"<p>Schnaps-, Lik\u00f6rglas handgraviert, steht schr\u00e4g, 6 St\u00fcck Packung<\/p>\n","protected":false},"excerpt":{"rendered":"<p>Schnaps-, Lik\u00f6rglas handgraviert, steht schr\u00e4g, 6 St\u00fcck Packung<\/p>\n","protected":false},"featured_media":1073,"template":"","meta":{"_acf_changed":false},"product_brand":[],"product_cat":[127,103],"product_tag":[],"class_list":{"0":"post-1072","1":"product","2":"type-product","3":"status-publish","4":"has-post-thumbnail","6":"product_cat-essen-trinken","7":"product_cat-wohnen-deko","9":"first","10":"instock","11":"purchasable","12":"product-type-simple"},"acf":[],"_links":{"self":[{"href":"https:\/\/www.regionalis.shop\/handgmacht\/wp-json\/wp\/v2\/product\/1072","targetHints":{"allow":["GET"]}}],"collection":[{"href":"https:\/\/www.regionalis.shop\/handgmacht\/wp-json\/wp\/v2\/product"}],"about":[{"href":"https:\/\/www.regionalis.shop\/handgmacht\/wp-json\/wp\/v2\/types\/product"}],"wp:featuredmedia":[{"embeddable":true,"href":"https:\/\/www.regionalis.shop\/handgmacht\/wp-json\/wp\/v2\/media\/1073"}],"wp:attachment":[{"href":"https:\/\/www.regionalis.shop\/handgmacht\/wp-json\/wp\/v2\/media?parent=1072"}],"wp:term":[{"taxonomy":"product_brand","embeddable":true,"href":"https:\/\/www.regionalis.shop\/handgmacht\/wp-json\/wp\/v2\/product_brand?post=1072"},{"taxonomy":"product_cat","embeddable":true,"href":"https:\/\/www.regionalis.shop\/handgmacht\/wp-json\/wp\/v2\/product_cat?post=1072"},{"taxonomy":"product_tag","embeddable":true,"href":"https:\/\/www.regionalis.shop\/handgmacht\/wp-json\/wp\/v2\/product_tag?post=1072"}],"curies":[{"name":"wp","href":"https:\/\/api.w.org\/{rel}","templated":true}]}}