{"id":1075,"date":"2025-04-17T23:12:32","date_gmt":"2025-04-17T21:12:32","guid":{"rendered":"https:\/\/www.regionalis.shop\/handgmacht\/product\/anhaenger-chakraperlen-yin-und-yang\/"},"modified":"2025-04-17T23:12:32","modified_gmt":"2025-04-17T21:12:32","slug":"anhaenger-chakraperlen-yin-und-yang","status":"publish","type":"product","link":"https:\/\/www.regionalis.shop\/handgmacht\/shop\/anhaenger-chakraperlen-yin-und-yang\/","title":{"rendered":"Anh\u00e4nger Chakraperlen, yin und yang"},"content":{"rendered":"<p>Taschenanh\u00e4nger mit Halbedelsteinen in Chakrafarben, sowie yin und yang Anh\u00e4nger<\/p>\n","protected":false},"excerpt":{"rendered":"<p>Taschenanh\u00e4nger mit Halbedelsteinen in Chakrafarben, sowie yin und yang Anh\u00e4nger<\/p>\n","protected":false},"featured_media":1076,"template":"","meta":{"_acf_changed":false},"product_brand":[],"product_cat":[108,70],"product_tag":[],"class_list":{"0":"post-1075","1":"product","2":"type-product","3":"status-publish","4":"has-post-thumbnail","6":"product_cat-anhaenger","7":"product_cat-schmuck","9":"first","10":"instock","11":"purchasable","12":"product-type-simple"},"acf":[],"_links":{"self":[{"href":"https:\/\/www.regionalis.shop\/handgmacht\/wp-json\/wp\/v2\/product\/1075","targetHints":{"allow":["GET"]}}],"collection":[{"href":"https:\/\/www.regionalis.shop\/handgmacht\/wp-json\/wp\/v2\/product"}],"about":[{"href":"https:\/\/www.regionalis.shop\/handgmacht\/wp-json\/wp\/v2\/types\/product"}],"wp:featuredmedia":[{"embeddable":true,"href":"https:\/\/www.regionalis.shop\/handgmacht\/wp-json\/wp\/v2\/media\/1076"}],"wp:attachment":[{"href":"https:\/\/www.regionalis.shop\/handgmacht\/wp-json\/wp\/v2\/media?parent=1075"}],"wp:term":[{"taxonomy":"product_brand","embeddable":true,"href":"https:\/\/www.regionalis.shop\/handgmacht\/wp-json\/wp\/v2\/product_brand?post=1075"},{"taxonomy":"product_cat","embeddable":true,"href":"https:\/\/www.regionalis.shop\/handgmacht\/wp-json\/wp\/v2\/product_cat?post=1075"},{"taxonomy":"product_tag","embeddable":true,"href":"https:\/\/www.regionalis.shop\/handgmacht\/wp-json\/wp\/v2\/product_tag?post=1075"}],"curies":[{"name":"wp","href":"https:\/\/api.w.org\/{rel}","templated":true}]}}