{"id":1077,"date":"2025-04-17T23:12:32","date_gmt":"2025-04-17T21:12:32","guid":{"rendered":"https:\/\/www.regionalis.shop\/handgmacht\/product\/edelstahlhalskette-mit-chakraperlen-und-yin-und-yang\/"},"modified":"2025-04-17T23:12:32","modified_gmt":"2025-04-17T21:12:32","slug":"edelstahlhalskette-mit-chakraperlen-und-yin-und-yang","status":"publish","type":"product","link":"https:\/\/www.regionalis.shop\/handgmacht\/shop\/edelstahlhalskette-mit-chakraperlen-und-yin-und-yang\/","title":{"rendered":"Edelstahlhalskette mit Chakraperlen und yin und yang"},"content":{"rendered":"<p>Edelstahlhalskette mit H\u00e4nger aus Halbedelsteinen und yin und yang Anh\u00e4nger, Kettenl\u00e4nge ca.50cm<\/p>\n","protected":false},"excerpt":{"rendered":"<p>Edelstahlhalskette mit H\u00e4nger aus Halbedelsteinen und yin und yang Anh\u00e4nger, Kettenl\u00e4nge ca.50cm<\/p>\n","protected":false},"featured_media":1078,"template":"","meta":{"_acf_changed":false},"product_brand":[],"product_cat":[141,70],"product_tag":[],"class_list":{"0":"post-1077","1":"product","2":"type-product","3":"status-publish","4":"has-post-thumbnail","6":"product_cat-halsketten","7":"product_cat-schmuck","9":"first","10":"instock","11":"purchasable","12":"product-type-simple"},"acf":[],"_links":{"self":[{"href":"https:\/\/www.regionalis.shop\/handgmacht\/wp-json\/wp\/v2\/product\/1077","targetHints":{"allow":["GET"]}}],"collection":[{"href":"https:\/\/www.regionalis.shop\/handgmacht\/wp-json\/wp\/v2\/product"}],"about":[{"href":"https:\/\/www.regionalis.shop\/handgmacht\/wp-json\/wp\/v2\/types\/product"}],"wp:featuredmedia":[{"embeddable":true,"href":"https:\/\/www.regionalis.shop\/handgmacht\/wp-json\/wp\/v2\/media\/1078"}],"wp:attachment":[{"href":"https:\/\/www.regionalis.shop\/handgmacht\/wp-json\/wp\/v2\/media?parent=1077"}],"wp:term":[{"taxonomy":"product_brand","embeddable":true,"href":"https:\/\/www.regionalis.shop\/handgmacht\/wp-json\/wp\/v2\/product_brand?post=1077"},{"taxonomy":"product_cat","embeddable":true,"href":"https:\/\/www.regionalis.shop\/handgmacht\/wp-json\/wp\/v2\/product_cat?post=1077"},{"taxonomy":"product_tag","embeddable":true,"href":"https:\/\/www.regionalis.shop\/handgmacht\/wp-json\/wp\/v2\/product_tag?post=1077"}],"curies":[{"name":"wp","href":"https:\/\/api.w.org\/{rel}","templated":true}]}}