{"id":1119,"date":"2025-04-17T23:11:13","date_gmt":"2025-04-17T21:11:13","guid":{"rendered":"https:\/\/www.regionalis.shop\/handgmacht\/product\/espressotasse-bluemchen-sandfarben-tuerkis\/"},"modified":"2025-04-17T23:11:13","modified_gmt":"2025-04-17T21:11:13","slug":"espressotasse-bluemchen-sandfarben-tuerkis","status":"publish","type":"product","link":"https:\/\/www.regionalis.shop\/handgmacht\/shop\/espressotasse-bluemchen-sandfarben-tuerkis\/","title":{"rendered":"Espressotasse Bl\u00fcmchen, sandfarben\/t\u00fcrkis"},"content":{"rendered":"<p>1 St\u00fcck Espressotasse mit Untertasse, sandfarben mit t\u00fcrkisem Muster, H\u00f6he ca. 6,5cm, Durchmesser ca. 6cm, Fassungsverm\u00f6gen ca. 70ml, handbemalt, geschirrsp\u00fclergeeignet<\/p>\n","protected":false},"excerpt":{"rendered":"<p>1 St\u00fcck Espressotasse mit Untertasse, sandfarben mit t\u00fcrkisem Muster, H\u00f6he ca. 6,5cm, Durchmesser ca. 6cm, Fassungsverm\u00f6gen ca. 70ml, handbemalt, geschirrsp\u00fclergeeignet<\/p>\n","protected":false},"featured_media":1120,"template":"","meta":{"_acf_changed":false},"product_brand":[],"product_cat":[127,103],"product_tag":[],"class_list":{"0":"post-1119","1":"product","2":"type-product","3":"status-publish","4":"has-post-thumbnail","6":"product_cat-essen-trinken","7":"product_cat-wohnen-deko","9":"first","10":"instock","11":"purchasable","12":"product-type-simple"},"acf":[],"_links":{"self":[{"href":"https:\/\/www.regionalis.shop\/handgmacht\/wp-json\/wp\/v2\/product\/1119","targetHints":{"allow":["GET"]}}],"collection":[{"href":"https:\/\/www.regionalis.shop\/handgmacht\/wp-json\/wp\/v2\/product"}],"about":[{"href":"https:\/\/www.regionalis.shop\/handgmacht\/wp-json\/wp\/v2\/types\/product"}],"wp:featuredmedia":[{"embeddable":true,"href":"https:\/\/www.regionalis.shop\/handgmacht\/wp-json\/wp\/v2\/media\/1120"}],"wp:attachment":[{"href":"https:\/\/www.regionalis.shop\/handgmacht\/wp-json\/wp\/v2\/media?parent=1119"}],"wp:term":[{"taxonomy":"product_brand","embeddable":true,"href":"https:\/\/www.regionalis.shop\/handgmacht\/wp-json\/wp\/v2\/product_brand?post=1119"},{"taxonomy":"product_cat","embeddable":true,"href":"https:\/\/www.regionalis.shop\/handgmacht\/wp-json\/wp\/v2\/product_cat?post=1119"},{"taxonomy":"product_tag","embeddable":true,"href":"https:\/\/www.regionalis.shop\/handgmacht\/wp-json\/wp\/v2\/product_tag?post=1119"}],"curies":[{"name":"wp","href":"https:\/\/api.w.org\/{rel}","templated":true}]}}