{"id":1139,"date":"2025-04-17T23:11:13","date_gmt":"2025-04-17T21:11:13","guid":{"rendered":"https:\/\/www.regionalis.shop\/handgmacht\/product\/espressobecher-pause-hellgruen-design-3\/"},"modified":"2025-04-17T23:11:13","modified_gmt":"2025-04-17T21:11:13","slug":"espressobecher-pause-hellgruen-design-3","status":"publish","type":"product","link":"https:\/\/www.regionalis.shop\/handgmacht\/shop\/espressobecher-pause-hellgruen-design-3\/","title":{"rendered":"Espressobecher &#8222;Pause&#8220; hellgr\u00fcn, Design 3"},"content":{"rendered":"<p>1 St\u00fcck Espressobecher in Emailleoptik, H\u00f6he ca. 5cm, Durchmesser ca. 6cm, Fassungsverm\u00f6gen ca. 60ml, handbemalt, geschirrsp\u00fclergeeignet<\/p>\n","protected":false},"excerpt":{"rendered":"<p>1 St\u00fcck Espressobecher in Emailleoptik, H\u00f6he ca. 5cm, Durchmesser ca. 6cm, Fassungsverm\u00f6gen ca. 60ml, handbemalt, geschirrsp\u00fclergeeignet<\/p>\n","protected":false},"featured_media":1140,"template":"","meta":{"_acf_changed":false},"product_brand":[],"product_cat":[127,103],"product_tag":[],"class_list":{"0":"post-1139","1":"product","2":"type-product","3":"status-publish","4":"has-post-thumbnail","6":"product_cat-essen-trinken","7":"product_cat-wohnen-deko","9":"first","10":"instock","11":"purchasable","12":"product-type-simple"},"acf":[],"_links":{"self":[{"href":"https:\/\/www.regionalis.shop\/handgmacht\/wp-json\/wp\/v2\/product\/1139","targetHints":{"allow":["GET"]}}],"collection":[{"href":"https:\/\/www.regionalis.shop\/handgmacht\/wp-json\/wp\/v2\/product"}],"about":[{"href":"https:\/\/www.regionalis.shop\/handgmacht\/wp-json\/wp\/v2\/types\/product"}],"wp:featuredmedia":[{"embeddable":true,"href":"https:\/\/www.regionalis.shop\/handgmacht\/wp-json\/wp\/v2\/media\/1140"}],"wp:attachment":[{"href":"https:\/\/www.regionalis.shop\/handgmacht\/wp-json\/wp\/v2\/media?parent=1139"}],"wp:term":[{"taxonomy":"product_brand","embeddable":true,"href":"https:\/\/www.regionalis.shop\/handgmacht\/wp-json\/wp\/v2\/product_brand?post=1139"},{"taxonomy":"product_cat","embeddable":true,"href":"https:\/\/www.regionalis.shop\/handgmacht\/wp-json\/wp\/v2\/product_cat?post=1139"},{"taxonomy":"product_tag","embeddable":true,"href":"https:\/\/www.regionalis.shop\/handgmacht\/wp-json\/wp\/v2\/product_tag?post=1139"}],"curies":[{"name":"wp","href":"https:\/\/api.w.org\/{rel}","templated":true}]}}