{"id":1171,"date":"2025-04-17T23:11:05","date_gmt":"2025-04-17T21:11:05","guid":{"rendered":"https:\/\/www.regionalis.shop\/handgmacht\/product\/kaffeetasse-mit-untertasse-coffee-vogel-blau\/"},"modified":"2025-04-17T23:11:05","modified_gmt":"2025-04-17T21:11:05","slug":"kaffeetasse-mit-untertasse-coffee-vogel-blau","status":"publish","type":"product","link":"https:\/\/www.regionalis.shop\/handgmacht\/shop\/kaffeetasse-mit-untertasse-coffee-vogel-blau\/","title":{"rendered":"Kaffeetasse mit Untertasse &#8222;Coffee-Vogel&#8220; blau"},"content":{"rendered":"<p>1 St\u00fcck Kaffeetasse mit Untertasse eckig, H\u00f6he ca. 8cm, Durchmesser ca. 8cm, Fassungsverm\u00f6gen ca. 170ml,handbemalt, sp\u00fclmaschinengeeignet<\/p>\n","protected":false},"excerpt":{"rendered":"<p>1 St\u00fcck Kaffeetasse mit Untertasse eckig, H\u00f6he ca. 8cm, Durchmesser ca. 8cm, Fassungsverm\u00f6gen ca. 170ml,handbemalt, sp\u00fclmaschinengeeignet<\/p>\n","protected":false},"featured_media":1172,"template":"","meta":{"_acf_changed":false},"product_brand":[],"product_cat":[127,103],"product_tag":[],"class_list":{"0":"post-1171","1":"product","2":"type-product","3":"status-publish","4":"has-post-thumbnail","6":"product_cat-essen-trinken","7":"product_cat-wohnen-deko","9":"first","10":"instock","11":"purchasable","12":"product-type-simple"},"acf":[],"_links":{"self":[{"href":"https:\/\/www.regionalis.shop\/handgmacht\/wp-json\/wp\/v2\/product\/1171","targetHints":{"allow":["GET"]}}],"collection":[{"href":"https:\/\/www.regionalis.shop\/handgmacht\/wp-json\/wp\/v2\/product"}],"about":[{"href":"https:\/\/www.regionalis.shop\/handgmacht\/wp-json\/wp\/v2\/types\/product"}],"wp:featuredmedia":[{"embeddable":true,"href":"https:\/\/www.regionalis.shop\/handgmacht\/wp-json\/wp\/v2\/media\/1172"}],"wp:attachment":[{"href":"https:\/\/www.regionalis.shop\/handgmacht\/wp-json\/wp\/v2\/media?parent=1171"}],"wp:term":[{"taxonomy":"product_brand","embeddable":true,"href":"https:\/\/www.regionalis.shop\/handgmacht\/wp-json\/wp\/v2\/product_brand?post=1171"},{"taxonomy":"product_cat","embeddable":true,"href":"https:\/\/www.regionalis.shop\/handgmacht\/wp-json\/wp\/v2\/product_cat?post=1171"},{"taxonomy":"product_tag","embeddable":true,"href":"https:\/\/www.regionalis.shop\/handgmacht\/wp-json\/wp\/v2\/product_tag?post=1171"}],"curies":[{"name":"wp","href":"https:\/\/api.w.org\/{rel}","templated":true}]}}