{"id":1201,"date":"2025-04-17T23:11:00","date_gmt":"2025-04-17T21:11:00","guid":{"rendered":"https:\/\/www.regionalis.shop\/handgmacht\/product\/spruchfliese-schwarz-lass-mich-ich-kann-das\/"},"modified":"2025-04-17T23:11:00","modified_gmt":"2025-04-17T21:11:00","slug":"spruchfliese-schwarz-lass-mich-ich-kann-das","status":"publish","type":"product","link":"https:\/\/www.regionalis.shop\/handgmacht\/shop\/spruchfliese-schwarz-lass-mich-ich-kann-das\/","title":{"rendered":"Spruchfliese schwarz &#8222;Lass mich, ich kann das&#8230;&#8220;"},"content":{"rendered":"<p>Keramikfliese 20\/20cm, mit Aufh\u00e4ngung, f\u00fcr den Innenbereich und gesch\u00fctzten Au\u00dfenbereich geeignet, frei Hand beschrieben mit Acrylfarbe wei\u00df<\/p>\n","protected":false},"excerpt":{"rendered":"<p>Keramikfliese 20\/20cm, mit Aufh\u00e4ngung, f\u00fcr den Innenbereich und gesch\u00fctzten Au\u00dfenbereich geeignet, frei Hand beschrieben mit Acrylfarbe wei\u00df<\/p>\n","protected":false},"featured_media":1202,"template":"","meta":{"_acf_changed":false},"product_brand":[],"product_cat":[174,103],"product_tag":[],"class_list":{"0":"post-1201","1":"product","2":"type-product","3":"status-publish","4":"has-post-thumbnail","6":"product_cat-wohndekoration","7":"product_cat-wohnen-deko","9":"first","10":"instock","11":"purchasable","12":"product-type-simple"},"acf":[],"_links":{"self":[{"href":"https:\/\/www.regionalis.shop\/handgmacht\/wp-json\/wp\/v2\/product\/1201","targetHints":{"allow":["GET"]}}],"collection":[{"href":"https:\/\/www.regionalis.shop\/handgmacht\/wp-json\/wp\/v2\/product"}],"about":[{"href":"https:\/\/www.regionalis.shop\/handgmacht\/wp-json\/wp\/v2\/types\/product"}],"wp:featuredmedia":[{"embeddable":true,"href":"https:\/\/www.regionalis.shop\/handgmacht\/wp-json\/wp\/v2\/media\/1202"}],"wp:attachment":[{"href":"https:\/\/www.regionalis.shop\/handgmacht\/wp-json\/wp\/v2\/media?parent=1201"}],"wp:term":[{"taxonomy":"product_brand","embeddable":true,"href":"https:\/\/www.regionalis.shop\/handgmacht\/wp-json\/wp\/v2\/product_brand?post=1201"},{"taxonomy":"product_cat","embeddable":true,"href":"https:\/\/www.regionalis.shop\/handgmacht\/wp-json\/wp\/v2\/product_cat?post=1201"},{"taxonomy":"product_tag","embeddable":true,"href":"https:\/\/www.regionalis.shop\/handgmacht\/wp-json\/wp\/v2\/product_tag?post=1201"}],"curies":[{"name":"wp","href":"https:\/\/api.w.org\/{rel}","templated":true}]}}