{"id":1212,"date":"2025-04-17T23:10:52","date_gmt":"2025-04-17T21:10:52","guid":{"rendered":"https:\/\/www.regionalis.shop\/handgmacht\/product\/kaffeebecher-margerithen\/"},"modified":"2025-04-17T23:10:52","modified_gmt":"2025-04-17T21:10:52","slug":"kaffeebecher-margerithen","status":"publish","type":"product","link":"https:\/\/www.regionalis.shop\/handgmacht\/shop\/kaffeebecher-margerithen\/","title":{"rendered":"Kaffeebecher  &#8222;Margerithen&#8220;"},"content":{"rendered":"<p>1 St\u00fcck Kaffeebecher hoch, Design Margerithen, handbemalt, geschirrsp\u00fclergeeignet, H\u00f6he 10,5cm, ca. 300ml Fassungsverm\u00f6gen<\/p>\n","protected":false},"excerpt":{"rendered":"<p>1 St\u00fcck Kaffeebecher hoch, Design Margerithen, handbemalt, geschirrsp\u00fclergeeignet, H\u00f6he 10,5cm, ca. 300ml Fassungsverm\u00f6gen<\/p>\n","protected":false},"featured_media":1213,"template":"","meta":{"_acf_changed":false},"product_brand":[],"product_cat":[127,103],"product_tag":[],"class_list":{"0":"post-1212","1":"product","2":"type-product","3":"status-publish","4":"has-post-thumbnail","6":"product_cat-essen-trinken","7":"product_cat-wohnen-deko","9":"first","10":"instock","11":"purchasable","12":"product-type-simple"},"acf":[],"_links":{"self":[{"href":"https:\/\/www.regionalis.shop\/handgmacht\/wp-json\/wp\/v2\/product\/1212","targetHints":{"allow":["GET"]}}],"collection":[{"href":"https:\/\/www.regionalis.shop\/handgmacht\/wp-json\/wp\/v2\/product"}],"about":[{"href":"https:\/\/www.regionalis.shop\/handgmacht\/wp-json\/wp\/v2\/types\/product"}],"wp:featuredmedia":[{"embeddable":true,"href":"https:\/\/www.regionalis.shop\/handgmacht\/wp-json\/wp\/v2\/media\/1213"}],"wp:attachment":[{"href":"https:\/\/www.regionalis.shop\/handgmacht\/wp-json\/wp\/v2\/media?parent=1212"}],"wp:term":[{"taxonomy":"product_brand","embeddable":true,"href":"https:\/\/www.regionalis.shop\/handgmacht\/wp-json\/wp\/v2\/product_brand?post=1212"},{"taxonomy":"product_cat","embeddable":true,"href":"https:\/\/www.regionalis.shop\/handgmacht\/wp-json\/wp\/v2\/product_cat?post=1212"},{"taxonomy":"product_tag","embeddable":true,"href":"https:\/\/www.regionalis.shop\/handgmacht\/wp-json\/wp\/v2\/product_tag?post=1212"}],"curies":[{"name":"wp","href":"https:\/\/api.w.org\/{rel}","templated":true}]}}