{"id":1216,"date":"2025-04-17T23:10:52","date_gmt":"2025-04-17T21:10:52","guid":{"rendered":"https:\/\/www.regionalis.shop\/handgmacht\/product\/schluesselanhaenger-traumfaenger\/"},"modified":"2025-04-17T23:10:52","modified_gmt":"2025-04-17T21:10:52","slug":"schluesselanhaenger-traumfaenger","status":"publish","type":"product","link":"https:\/\/www.regionalis.shop\/handgmacht\/shop\/schluesselanhaenger-traumfaenger\/","title":{"rendered":"Schl\u00fcsselanh\u00e4nger &#8222;Traumf\u00e4nger&#8220;"},"content":{"rendered":"<p>1 St\u00fcck Schl\u00fcsselanh\u00e4nger &#8222;Traumf\u00e4nger&#8220; mit Lederb\u00e4ndchen und Holzperlen<\/p>\n","protected":false},"excerpt":{"rendered":"<p>1 St\u00fcck Schl\u00fcsselanh\u00e4nger &#8222;Traumf\u00e4nger&#8220; mit Lederb\u00e4ndchen und Holzperlen<\/p>\n","protected":false},"featured_media":1217,"template":"","meta":{"_acf_changed":false},"product_brand":[],"product_cat":[108,70],"product_tag":[],"class_list":{"0":"post-1216","1":"product","2":"type-product","3":"status-publish","4":"has-post-thumbnail","6":"product_cat-anhaenger","7":"product_cat-schmuck","9":"first","10":"instock","11":"purchasable","12":"product-type-simple"},"acf":[],"_links":{"self":[{"href":"https:\/\/www.regionalis.shop\/handgmacht\/wp-json\/wp\/v2\/product\/1216","targetHints":{"allow":["GET"]}}],"collection":[{"href":"https:\/\/www.regionalis.shop\/handgmacht\/wp-json\/wp\/v2\/product"}],"about":[{"href":"https:\/\/www.regionalis.shop\/handgmacht\/wp-json\/wp\/v2\/types\/product"}],"wp:featuredmedia":[{"embeddable":true,"href":"https:\/\/www.regionalis.shop\/handgmacht\/wp-json\/wp\/v2\/media\/1217"}],"wp:attachment":[{"href":"https:\/\/www.regionalis.shop\/handgmacht\/wp-json\/wp\/v2\/media?parent=1216"}],"wp:term":[{"taxonomy":"product_brand","embeddable":true,"href":"https:\/\/www.regionalis.shop\/handgmacht\/wp-json\/wp\/v2\/product_brand?post=1216"},{"taxonomy":"product_cat","embeddable":true,"href":"https:\/\/www.regionalis.shop\/handgmacht\/wp-json\/wp\/v2\/product_cat?post=1216"},{"taxonomy":"product_tag","embeddable":true,"href":"https:\/\/www.regionalis.shop\/handgmacht\/wp-json\/wp\/v2\/product_tag?post=1216"}],"curies":[{"name":"wp","href":"https:\/\/api.w.org\/{rel}","templated":true}]}}