{"id":1051,"date":"2025-04-18T07:47:50","date_gmt":"2025-04-18T05:47:50","guid":{"rendered":"https:\/\/www.regionalis.shop\/handmade-by-andrea\/product\/beanies-ku-56\/"},"modified":"2025-04-18T07:47:50","modified_gmt":"2025-04-18T05:47:50","slug":"beanies-ku-56","status":"publish","type":"product","link":"https:\/\/www.regionalis.shop\/handmade-by-andrea\/shop\/beanies-ku-56\/","title":{"rendered":"Beanies (KU 56)"},"content":{"rendered":"<p>Deine Lieblingsm\u00fctze f\u00fcr den Herbst.<br \/>\nAngenehmer Tragekomfort.<\/p>\n<p>Gen\u00e4ht aus Jersey (95% Baumwolle, 5% Elasthan)<\/p>\n<p>In der Waschmaschine bei 30 Grad waschbar.<\/p>\n","protected":false},"excerpt":{"rendered":"<p>Deine Lieblingsm\u00fctze f\u00fcr den Herbst. Angenehmer Tragekomfort. Gen\u00e4ht aus Jersey (95% Baumwolle, 5% Elasthan) In der Waschmaschine bei 30 Grad waschbar.<\/p>\n","protected":false},"featured_media":1052,"template":"","meta":{"_acf_changed":false},"product_brand":[],"product_cat":[37,60],"product_tag":[],"class_list":{"0":"post-1051","1":"product","2":"type-product","3":"status-publish","4":"has-post-thumbnail","6":"product_cat-accessoires","7":"product_cat-muetzen-kappen","9":"first","10":"instock","11":"purchasable","12":"product-type-simple"},"acf":[],"_links":{"self":[{"href":"https:\/\/www.regionalis.shop\/handmade-by-andrea\/wp-json\/wp\/v2\/product\/1051","targetHints":{"allow":["GET"]}}],"collection":[{"href":"https:\/\/www.regionalis.shop\/handmade-by-andrea\/wp-json\/wp\/v2\/product"}],"about":[{"href":"https:\/\/www.regionalis.shop\/handmade-by-andrea\/wp-json\/wp\/v2\/types\/product"}],"wp:featuredmedia":[{"embeddable":true,"href":"https:\/\/www.regionalis.shop\/handmade-by-andrea\/wp-json\/wp\/v2\/media\/1052"}],"wp:attachment":[{"href":"https:\/\/www.regionalis.shop\/handmade-by-andrea\/wp-json\/wp\/v2\/media?parent=1051"}],"wp:term":[{"taxonomy":"product_brand","embeddable":true,"href":"https:\/\/www.regionalis.shop\/handmade-by-andrea\/wp-json\/wp\/v2\/product_brand?post=1051"},{"taxonomy":"product_cat","embeddable":true,"href":"https:\/\/www.regionalis.shop\/handmade-by-andrea\/wp-json\/wp\/v2\/product_cat?post=1051"},{"taxonomy":"product_tag","embeddable":true,"href":"https:\/\/www.regionalis.shop\/handmade-by-andrea\/wp-json\/wp\/v2\/product_tag?post=1051"}],"curies":[{"name":"wp","href":"https:\/\/api.w.org\/{rel}","templated":true}]}}