{"id":1053,"date":"2025-04-18T07:44:36","date_gmt":"2025-04-18T05:44:36","guid":{"rendered":"https:\/\/www.regionalis.shop\/handmade-by-andrea\/product\/maedchen-set-in-gr-68-schmetterling\/"},"modified":"2025-04-18T07:44:36","modified_gmt":"2025-04-18T05:44:36","slug":"maedchen-set-in-gr-68-schmetterling","status":"publish","type":"product","link":"https:\/\/www.regionalis.shop\/handmade-by-andrea\/shop\/maedchen-set-in-gr-68-schmetterling\/","title":{"rendered":"M\u00e4dchen-Set in Gr. 68 &#8222;Schmetterling&#8220;"},"content":{"rendered":"<p>Ein h\u00fcbsches Set bestehend aus einer Pumphose, einem Shirt und einem L\u00e4tzchen.<br \/>\nGen\u00e4ht aus Jersey (95% Baumwolle, 5% Elasthan)<\/p>\n<p>Ideal auch als Geschenk!<\/p>\n<p>Pflegehinweis:<br \/>\nBei 30 Grad in der Waschmaschine waschbar.<\/p>\n","protected":false},"excerpt":{"rendered":"<p>Ein h\u00fcbsches Set bestehend aus einer Pumphose, einem Shirt und einem L\u00e4tzchen. Gen\u00e4ht aus Jersey (95% Baumwolle, 5% Elasthan) Ideal auch als Geschenk! Pflegehinweis: Bei 30 Grad in der Waschmaschine waschbar.<\/p>\n","protected":false},"featured_media":1054,"template":"","meta":{"_acf_changed":false},"product_brand":[],"product_cat":[38,49],"product_tag":[],"class_list":{"0":"post-1053","1":"product","2":"type-product","3":"status-publish","4":"has-post-thumbnail","6":"product_cat-baby-kinder","7":"product_cat-kinderkleidung","9":"first","10":"instock","11":"purchasable","12":"product-type-simple"},"acf":[],"_links":{"self":[{"href":"https:\/\/www.regionalis.shop\/handmade-by-andrea\/wp-json\/wp\/v2\/product\/1053","targetHints":{"allow":["GET"]}}],"collection":[{"href":"https:\/\/www.regionalis.shop\/handmade-by-andrea\/wp-json\/wp\/v2\/product"}],"about":[{"href":"https:\/\/www.regionalis.shop\/handmade-by-andrea\/wp-json\/wp\/v2\/types\/product"}],"wp:featuredmedia":[{"embeddable":true,"href":"https:\/\/www.regionalis.shop\/handmade-by-andrea\/wp-json\/wp\/v2\/media\/1054"}],"wp:attachment":[{"href":"https:\/\/www.regionalis.shop\/handmade-by-andrea\/wp-json\/wp\/v2\/media?parent=1053"}],"wp:term":[{"taxonomy":"product_brand","embeddable":true,"href":"https:\/\/www.regionalis.shop\/handmade-by-andrea\/wp-json\/wp\/v2\/product_brand?post=1053"},{"taxonomy":"product_cat","embeddable":true,"href":"https:\/\/www.regionalis.shop\/handmade-by-andrea\/wp-json\/wp\/v2\/product_cat?post=1053"},{"taxonomy":"product_tag","embeddable":true,"href":"https:\/\/www.regionalis.shop\/handmade-by-andrea\/wp-json\/wp\/v2\/product_tag?post=1053"}],"curies":[{"name":"wp","href":"https:\/\/api.w.org\/{rel}","templated":true}]}}