{"id":1065,"date":"2025-04-18T07:41:39","date_gmt":"2025-04-18T05:41:39","guid":{"rendered":"https:\/\/www.regionalis.shop\/handmade-by-andrea\/product\/tellerrock\/"},"modified":"2025-04-18T07:41:39","modified_gmt":"2025-04-18T05:41:39","slug":"tellerrock","status":"publish","type":"product","link":"https:\/\/www.regionalis.shop\/handmade-by-andrea\/shop\/tellerrock\/","title":{"rendered":"Tellerrock"},"content":{"rendered":"<p>Swinging Tellerrock in der Gr\u00f6\u00dfe 98.<br \/>\nGen\u00e4ht aus Baumwolljersey.<\/p>\n<p>Material: 95% Baumwolle, 5% Elasthan<\/p>\n<p>Pflegehinweis:<br \/>\nMaschinenwaschbar bei 30 Grad<\/p>\n","protected":false},"excerpt":{"rendered":"<p>Swinging Tellerrock in der Gr\u00f6\u00dfe 98. Gen\u00e4ht aus Baumwolljersey. Material: 95% Baumwolle, 5% Elasthan Pflegehinweis: Maschinenwaschbar bei 30 Grad<\/p>\n","protected":false},"featured_media":1066,"template":"","meta":{"_acf_changed":false},"product_brand":[],"product_cat":[38,49],"product_tag":[],"class_list":{"0":"post-1065","1":"product","2":"type-product","3":"status-publish","4":"has-post-thumbnail","6":"product_cat-baby-kinder","7":"product_cat-kinderkleidung","9":"first","10":"instock","11":"purchasable","12":"product-type-simple"},"acf":[],"_links":{"self":[{"href":"https:\/\/www.regionalis.shop\/handmade-by-andrea\/wp-json\/wp\/v2\/product\/1065","targetHints":{"allow":["GET"]}}],"collection":[{"href":"https:\/\/www.regionalis.shop\/handmade-by-andrea\/wp-json\/wp\/v2\/product"}],"about":[{"href":"https:\/\/www.regionalis.shop\/handmade-by-andrea\/wp-json\/wp\/v2\/types\/product"}],"wp:featuredmedia":[{"embeddable":true,"href":"https:\/\/www.regionalis.shop\/handmade-by-andrea\/wp-json\/wp\/v2\/media\/1066"}],"wp:attachment":[{"href":"https:\/\/www.regionalis.shop\/handmade-by-andrea\/wp-json\/wp\/v2\/media?parent=1065"}],"wp:term":[{"taxonomy":"product_brand","embeddable":true,"href":"https:\/\/www.regionalis.shop\/handmade-by-andrea\/wp-json\/wp\/v2\/product_brand?post=1065"},{"taxonomy":"product_cat","embeddable":true,"href":"https:\/\/www.regionalis.shop\/handmade-by-andrea\/wp-json\/wp\/v2\/product_cat?post=1065"},{"taxonomy":"product_tag","embeddable":true,"href":"https:\/\/www.regionalis.shop\/handmade-by-andrea\/wp-json\/wp\/v2\/product_tag?post=1065"}],"curies":[{"name":"wp","href":"https:\/\/api.w.org\/{rel}","templated":true}]}}