{"id":1067,"date":"2025-04-18T07:41:39","date_gmt":"2025-04-18T05:41:39","guid":{"rendered":"https:\/\/www.regionalis.shop\/handmade-by-andrea\/product\/set-baufahrzeuge\/"},"modified":"2025-04-18T07:41:39","modified_gmt":"2025-04-18T05:41:39","slug":"set-baufahrzeuge","status":"publish","type":"product","link":"https:\/\/www.regionalis.shop\/handmade-by-andrea\/shop\/set-baufahrzeuge\/","title":{"rendered":"Set Baufahrzeuge"},"content":{"rendered":"<p>Bekleidungsset f\u00fcr Jungs in Gr. 74 bestehend aus:<br \/>\n&#8211; Pumphose lang<br \/>\n&#8211; Langarmshirt und<br \/>\n&#8211; L\u00e4tzchen<\/p>\n<p>Gen\u00e4ht aus Baumwolljersey.<\/p>\n<p>Material: 95% Baumwolle, 5% Elasthan<\/p>\n<p>Pflegehinweis:<br \/>\nMaschinenw\u00e4sche bei 30 Grad<\/p>\n","protected":false},"excerpt":{"rendered":"<p>Bekleidungsset f\u00fcr Jungs in Gr. 74 bestehend aus: &#8211; Pumphose lang &#8211; Langarmshirt und &#8211; L\u00e4tzchen Gen\u00e4ht aus Baumwolljersey. Material: 95% Baumwolle, 5% Elasthan Pflegehinweis: Maschinenw\u00e4sche bei 30 Grad<\/p>\n","protected":false},"featured_media":1068,"template":"","meta":{"_acf_changed":false},"product_brand":[],"product_cat":[38,49],"product_tag":[],"class_list":{"0":"post-1067","1":"product","2":"type-product","3":"status-publish","4":"has-post-thumbnail","6":"product_cat-baby-kinder","7":"product_cat-kinderkleidung","9":"first","10":"instock","11":"purchasable","12":"product-type-simple"},"acf":[],"_links":{"self":[{"href":"https:\/\/www.regionalis.shop\/handmade-by-andrea\/wp-json\/wp\/v2\/product\/1067","targetHints":{"allow":["GET"]}}],"collection":[{"href":"https:\/\/www.regionalis.shop\/handmade-by-andrea\/wp-json\/wp\/v2\/product"}],"about":[{"href":"https:\/\/www.regionalis.shop\/handmade-by-andrea\/wp-json\/wp\/v2\/types\/product"}],"wp:featuredmedia":[{"embeddable":true,"href":"https:\/\/www.regionalis.shop\/handmade-by-andrea\/wp-json\/wp\/v2\/media\/1068"}],"wp:attachment":[{"href":"https:\/\/www.regionalis.shop\/handmade-by-andrea\/wp-json\/wp\/v2\/media?parent=1067"}],"wp:term":[{"taxonomy":"product_brand","embeddable":true,"href":"https:\/\/www.regionalis.shop\/handmade-by-andrea\/wp-json\/wp\/v2\/product_brand?post=1067"},{"taxonomy":"product_cat","embeddable":true,"href":"https:\/\/www.regionalis.shop\/handmade-by-andrea\/wp-json\/wp\/v2\/product_cat?post=1067"},{"taxonomy":"product_tag","embeddable":true,"href":"https:\/\/www.regionalis.shop\/handmade-by-andrea\/wp-json\/wp\/v2\/product_tag?post=1067"}],"curies":[{"name":"wp","href":"https:\/\/api.w.org\/{rel}","templated":true}]}}